{"id":2685,"date":"2025-12-02T15:59:21","date_gmt":"2025-12-02T14:59:21","guid":{"rendered":"https:\/\/separ.dev-pixalla.de\/nuestra-promesa-de-calidad\/"},"modified":"2026-02-18T12:09:03","modified_gmt":"2026-02-18T11:09:03","slug":"nuestra-promesa-de-calidad","status":"publish","type":"page","link":"https:\/\/www.separ.de\/es\/nuestra-promesa-de-calidad\/","title":{"rendered":"Nuestra promesa de calidad"},"content":{"rendered":"\t\t<div data-elementor-type=\"wp-page\" data-elementor-id=\"2685\" class=\"elementor elementor-2685 elementor-1670\" data-elementor-post-type=\"page\">\n\t\t\t\t<div class=\"elementor-element elementor-element-53a6e0b e-con-full e-flex e-con e-parent\" data-id=\"53a6e0b\" data-element_type=\"container\" data-e-type=\"container\">\n\t\t<div class=\"elementor-element elementor-element-46a2432 e-flex e-con-boxed e-con e-child\" data-id=\"46a2432\" data-element_type=\"container\" data-e-type=\"container\" data-settings=\"{&quot;background_background&quot;:&quot;classic&quot;}\">\n\t\t\t\t\t<div class=\"e-con-inner\">\n\t\t<div class=\"elementor-element elementor-element-2d5dc07 e-con-full e-flex e-con e-child\" data-id=\"2d5dc07\" data-element_type=\"container\" data-e-type=\"container\">\n\t\t\t\t<div class=\"elementor-element elementor-element-ffe52f2 elementor-widget elementor-widget-heading\" data-id=\"ffe52f2\" data-element_type=\"widget\" data-e-type=\"widget\" data-widget_type=\"heading.default\">\n\t\t\t\t\t<h1 class=\"elementor-heading-title elementor-size-default\">Nuestro <br><b>compromiso de calidad<\/b><\/h1>\t\t\t\t<\/div>\n\t\t\t\t<div class=\"elementor-element elementor-element-245a9de elementor-widget__width-initial elementor-hidden-mobile elementor-widget elementor-widget-text-editor\" data-id=\"245a9de\" data-element_type=\"widget\" data-e-type=\"widget\" data-widget_type=\"text-editor.default\">\n\t\t\t\t\t\t\t\t\tLa confianza es la base de toda asociaci\u00f3n exitosa. Con nuestra clara promesa de calidad, garantizamos soluciones seguras, sostenibles y fiables, probadas seg\u00fan los m\u00e1s altos est\u00e1ndares internacionales. \t\t\t\t\t\t\t\t<\/div>\n\t\t\t\t<\/div>\n\t\t\t\t\t<\/div>\n\t\t\t\t<\/div>\n\t\t\t\t<\/div>\n\t\t<div class=\"elementor-element elementor-element-231d415 e-flex e-con-boxed e-con e-parent\" data-id=\"231d415\" data-element_type=\"container\" data-e-type=\"container\">\n\t\t\t\t\t<div class=\"e-con-inner\">\n\t\t<div class=\"elementor-element elementor-element-bd10266 e-con-full e-flex e-con e-child\" data-id=\"bd10266\" data-element_type=\"container\" data-e-type=\"container\">\n\t\t\t\t<div class=\"elementor-element elementor-element-9ceebcb elementor-widget elementor-widget-heading\" data-id=\"9ceebcb\" data-element_type=\"widget\" data-e-type=\"widget\" data-widget_type=\"heading.default\">\n\t\t\t\t\t<h2 class=\"elementor-heading-title elementor-size-default\">ISO 9001: gesti\u00f3n de calidad<\/h2>\t\t\t\t<\/div>\n\t\t\t\t<div class=\"elementor-element elementor-element-48afeb5 elementor-widget__width-initial elementor-widget elementor-widget-text-editor\" data-id=\"48afeb5\" data-element_type=\"widget\" data-e-type=\"widget\" data-widget_type=\"text-editor.default\">\n\t\t\t\t\t\t\t\t\t<p>La certificaci\u00f3n ISO 9001 representa la m\u00e1xima calidad en todos los procesos. Garantiza que trabajamos sistem\u00e1ticamente seg\u00fan est\u00e1ndares claros, mejoramos continuamente y priorizamos la satisfacci\u00f3n de nuestros clientes. <\/p>\t\t\t\t\t\t\t\t<\/div>\n\t\t\t\t<\/div>\n\t\t<div class=\"elementor-element elementor-element-750a62e e-con-full e-flex e-con e-child\" data-id=\"750a62e\" data-element_type=\"container\" data-e-type=\"container\">\n\t\t\t\t<div class=\"elementor-element elementor-element-dd59c5c elementor-invisible elementor-widget elementor-widget-image\" data-id=\"dd59c5c\" data-element_type=\"widget\" data-e-type=\"widget\" data-settings=\"{&quot;_animation&quot;:&quot;fadeInUp&quot;}\" data-widget_type=\"image.default\">\n\t\t\t\t\t\t\t\t\t\t\t\t\t\t\t<img fetchpriority=\"high\" decoding=\"async\" width=\"717\" height=\"1024\" src=\"https:\/\/www.separ.de\/wp-content\/uploads\/2026\/02\/Bildschirmfoto-2026-02-04-um-11.39.41-717x1024.png\" class=\"attachment-large size-large wp-image-4648\" alt=\"\" srcset=\"https:\/\/www.separ.de\/wp-content\/uploads\/2026\/02\/Bildschirmfoto-2026-02-04-um-11.39.41-717x1024.png 717w, https:\/\/www.separ.de\/wp-content\/uploads\/2026\/02\/Bildschirmfoto-2026-02-04-um-11.39.41-210x300.png 210w, https:\/\/www.separ.de\/wp-content\/uploads\/2026\/02\/Bildschirmfoto-2026-02-04-um-11.39.41-768x1097.png 768w, https:\/\/www.separ.de\/wp-content\/uploads\/2026\/02\/Bildschirmfoto-2026-02-04-um-11.39.41-1076x1536.png 1076w, https:\/\/www.separ.de\/wp-content\/uploads\/2026\/02\/Bildschirmfoto-2026-02-04-um-11.39.41-1434x2048.png 1434w, https:\/\/www.separ.de\/wp-content\/uploads\/2026\/02\/Bildschirmfoto-2026-02-04-um-11.39.41.png 1626w\" sizes=\"(max-width: 717px) 100vw, 717px\" \/>\t\t\t\t\t\t\t\t\t\t\t\t\t\t\t<\/div>\n\t\t\t\t<\/div>\n\t\t\t\t\t<\/div>\n\t\t\t\t<\/div>\n\t\t<div class=\"elementor-element elementor-element-7bc4901 e-flex e-con-boxed e-con e-parent\" data-id=\"7bc4901\" data-element_type=\"container\" data-e-type=\"container\">\n\t\t\t\t\t<div class=\"e-con-inner\">\n\t\t<div class=\"elementor-element elementor-element-112b36f e-con-full e-flex e-con e-child\" data-id=\"112b36f\" data-element_type=\"container\" data-e-type=\"container\">\n\t\t\t\t<div class=\"elementor-element elementor-element-2fe1208 elementor-widget elementor-widget-heading\" data-id=\"2fe1208\" data-element_type=\"widget\" data-e-type=\"widget\" data-widget_type=\"heading.default\">\n\t\t\t\t\t<h2 class=\"elementor-heading-title elementor-size-default\">ISO 14001: gesti\u00f3n ambiental<\/h2>\t\t\t\t<\/div>\n\t\t\t\t<div class=\"elementor-element elementor-element-0bca346 elementor-widget__width-initial elementor-widget elementor-widget-text-editor\" data-id=\"0bca346\" data-element_type=\"widget\" data-e-type=\"widget\" data-widget_type=\"text-editor.default\">\n\t\t\t\t\t\t\t\t\t<p>Con la certificaci\u00f3n ISO 14001, demostramos nuestro compromiso con el medio ambiente. Actuamos de forma responsable, minimizamos nuestra huella ecol\u00f3gica e implementamos medidas sostenibles en todas las \u00e1reas de la empresa. <\/p>\t\t\t\t\t\t\t\t<\/div>\n\t\t\t\t<\/div>\n\t\t<div class=\"elementor-element elementor-element-c75533c e-con-full e-flex e-con e-child\" data-id=\"c75533c\" data-element_type=\"container\" data-e-type=\"container\">\n\t\t\t\t<div class=\"elementor-element elementor-element-e45d3fb elementor-invisible elementor-widget elementor-widget-image\" data-id=\"e45d3fb\" data-element_type=\"widget\" data-e-type=\"widget\" data-settings=\"{&quot;_animation&quot;:&quot;fadeInUp&quot;}\" data-widget_type=\"image.default\">\n\t\t\t\t\t\t\t\t\t\t\t\t\t\t\t<img decoding=\"async\" width=\"721\" height=\"1024\" src=\"https:\/\/www.separ.de\/wp-content\/uploads\/2026\/02\/Bildschirmfoto-2026-02-04-um-11.40.34-721x1024.png\" class=\"attachment-large size-large wp-image-4649\" alt=\"\" srcset=\"https:\/\/www.separ.de\/wp-content\/uploads\/2026\/02\/Bildschirmfoto-2026-02-04-um-11.40.34-721x1024.png 721w, https:\/\/www.separ.de\/wp-content\/uploads\/2026\/02\/Bildschirmfoto-2026-02-04-um-11.40.34-211x300.png 211w, https:\/\/www.separ.de\/wp-content\/uploads\/2026\/02\/Bildschirmfoto-2026-02-04-um-11.40.34-768x1091.png 768w, https:\/\/www.separ.de\/wp-content\/uploads\/2026\/02\/Bildschirmfoto-2026-02-04-um-11.40.34-1081x1536.png 1081w, https:\/\/www.separ.de\/wp-content\/uploads\/2026\/02\/Bildschirmfoto-2026-02-04-um-11.40.34-1442x2048.png 1442w, https:\/\/www.separ.de\/wp-content\/uploads\/2026\/02\/Bildschirmfoto-2026-02-04-um-11.40.34.png 1646w\" sizes=\"(max-width: 721px) 100vw, 721px\" \/>\t\t\t\t\t\t\t\t\t\t\t\t\t\t\t<\/div>\n\t\t\t\t<\/div>\n\t\t\t\t\t<\/div>\n\t\t\t\t<\/div>\n\t\t<div class=\"elementor-element elementor-element-b9129b9 e-flex e-con-boxed e-con e-parent\" data-id=\"b9129b9\" data-element_type=\"container\" data-e-type=\"container\">\n\t\t\t\t\t<div class=\"e-con-inner\">\n\t\t<div class=\"elementor-element elementor-element-95df6f0 e-con-full e-flex e-con e-child\" data-id=\"95df6f0\" data-element_type=\"container\" data-e-type=\"container\">\n\t\t\t\t<div class=\"elementor-element elementor-element-3983f82 elementor-widget elementor-widget-heading\" data-id=\"3983f82\" data-element_type=\"widget\" data-e-type=\"widget\" data-widget_type=\"heading.default\">\n\t\t\t\t\t<h2 class=\"elementor-heading-title elementor-size-default\">Nuestras homologaciones marinas<\/h2>\t\t\t\t<\/div>\n\t\t\t\t<div class=\"elementor-element elementor-element-f3c7dab elementor-widget__width-initial elementor-widget elementor-widget-text-editor\" data-id=\"f3c7dab\" data-element_type=\"widget\" data-e-type=\"widget\" data-widget_type=\"text-editor.default\">\n\t\t\t\t\t\t\t\t\t<p>Estamos certificados por las principales sociedades de clasificaci\u00f3n y cumplimos con los m\u00e1s altos est\u00e1ndares en tecnolog\u00eda naval y mar\u00edtima:<\/p>\t\t\t\t\t\t\t\t<\/div>\n\t\t\t\t<\/div>\n\t\t\t\t\t<\/div>\n\t\t\t\t<\/div>\n\t\t<div class=\"elementor-element elementor-element-1a33117 e-grid e-con-boxed e-con e-parent\" data-id=\"1a33117\" data-element_type=\"container\" data-e-type=\"container\">\n\t\t\t\t\t<div class=\"e-con-inner\">\n\t\t<div class=\"elementor-element elementor-element-8d89b87 e-con-full e-flex e-con e-child\" data-id=\"8d89b87\" data-element_type=\"container\" data-e-type=\"container\" data-settings=\"{&quot;background_background&quot;:&quot;classic&quot;}\">\n\t\t\t\t<div class=\"elementor-element elementor-element-9e09a35 elementor-widget elementor-widget-heading\" data-id=\"9e09a35\" data-element_type=\"widget\" data-e-type=\"widget\" data-widget_type=\"heading.default\">\n\t\t\t\t\t<h3 class=\"elementor-heading-title elementor-size-default\">ABS (American Bureau of Shipping)<\/h3>\t\t\t\t<\/div>\n\t\t\t\t<div class=\"elementor-element elementor-element-bad4934 elementor-widget elementor-widget-text-editor\" data-id=\"bad4934\" data-element_type=\"widget\" data-e-type=\"widget\" data-widget_type=\"text-editor.default\">\n\t\t\t\t\t\t\t\t\t<p>Est\u00e1ndar reconocido de seguridad, fiabilidad y rendimiento en el transporte mar\u00edtimo.<\/p>\t\t\t\t\t\t\t\t<\/div>\n\t\t\t\t<\/div>\n\t\t<div class=\"elementor-element elementor-element-4eb555d e-con-full e-flex e-con e-child\" data-id=\"4eb555d\" data-element_type=\"container\" data-e-type=\"container\" data-settings=\"{&quot;background_background&quot;:&quot;classic&quot;}\">\n\t\t\t\t<div class=\"elementor-element elementor-element-12f8ee8 elementor-widget elementor-widget-heading\" data-id=\"12f8ee8\" data-element_type=\"widget\" data-e-type=\"widget\" data-widget_type=\"heading.default\">\n\t\t\t\t\t<h3 class=\"elementor-heading-title elementor-size-default\">BV (Bureau Veritas) <\/h3>\t\t\t\t<\/div>\n\t\t\t\t<div class=\"elementor-element elementor-element-bf2dd3c elementor-widget elementor-widget-text-editor\" data-id=\"bf2dd3c\" data-element_type=\"widget\" data-e-type=\"widget\" data-widget_type=\"text-editor.default\">\n\t\t\t\t\t\t\t\t\t<p>Garantiza que nuestros productos cumplen con los requisitos t\u00e9cnicos y de seguridad internacionales.<\/p>\t\t\t\t\t\t\t\t<\/div>\n\t\t\t\t<\/div>\n\t\t<div class=\"elementor-element elementor-element-dafc9f4 e-con-full e-flex e-con e-child\" data-id=\"dafc9f4\" data-element_type=\"container\" data-e-type=\"container\" data-settings=\"{&quot;background_background&quot;:&quot;classic&quot;}\">\n\t\t\t\t<div class=\"elementor-element elementor-element-4024dab elementor-widget elementor-widget-heading\" data-id=\"4024dab\" data-element_type=\"widget\" data-e-type=\"widget\" data-widget_type=\"heading.default\">\n\t\t\t\t\t<h3 class=\"elementor-heading-title elementor-size-default\">CCS (China Classification Society) <\/h3>\t\t\t\t<\/div>\n\t\t\t\t<div class=\"elementor-element elementor-element-fe8c48c elementor-widget elementor-widget-text-editor\" data-id=\"fe8c48c\" data-element_type=\"widget\" data-e-type=\"widget\" data-widget_type=\"text-editor.default\">\n\t\t\t\t\t\t\t\t\t<p>Confirma la conformidad de nuestros productos con las normas navales chinas e internacionales.<\/p>\t\t\t\t\t\t\t\t<\/div>\n\t\t\t\t<\/div>\n\t\t<div class=\"elementor-element elementor-element-70c30bf e-con-full e-flex e-con e-child\" data-id=\"70c30bf\" data-element_type=\"container\" data-e-type=\"container\" data-settings=\"{&quot;background_background&quot;:&quot;classic&quot;}\">\n\t\t\t\t<div class=\"elementor-element elementor-element-943ad32 elementor-widget elementor-widget-heading\" data-id=\"943ad32\" data-element_type=\"widget\" data-e-type=\"widget\" data-widget_type=\"heading.default\">\n\t\t\t\t\t<h3 class=\"elementor-heading-title elementor-size-default\">DNV (Det Norske Veritas)<\/h3>\t\t\t\t<\/div>\n\t\t\t\t<div class=\"elementor-element elementor-element-64814f0 elementor-widget elementor-widget-text-editor\" data-id=\"64814f0\" data-element_type=\"widget\" data-e-type=\"widget\" data-widget_type=\"text-editor.default\">\n\t\t\t\t\t\t\t\t\tConfirma el cumplimiento de los altos est\u00e1ndares internacionales de seguridad y calidad para uso mar\u00edtimo.\t\t\t\t\t\t\t\t<\/div>\n\t\t\t\t<\/div>\n\t\t<div class=\"elementor-element elementor-element-184c015 e-con-full e-flex e-con e-child\" data-id=\"184c015\" data-element_type=\"container\" data-e-type=\"container\" data-settings=\"{&quot;background_background&quot;:&quot;classic&quot;}\">\n\t\t\t\t<div class=\"elementor-element elementor-element-4300e5f elementor-widget elementor-widget-heading\" data-id=\"4300e5f\" data-element_type=\"widget\" data-e-type=\"widget\" data-widget_type=\"heading.default\">\n\t\t\t\t\t<h3 class=\"elementor-heading-title elementor-size-default\">Lloyd\u2019s Register <\/h3>\t\t\t\t<\/div>\n\t\t\t\t<div class=\"elementor-element elementor-element-a5128ba elementor-widget elementor-widget-text-editor\" data-id=\"a5128ba\" data-element_type=\"widget\" data-e-type=\"widget\" data-widget_type=\"text-editor.default\">\n\t\t\t\t\t\t\t\t\t<p>Demuestra el cumplimiento de estrictos est\u00e1ndares de seguridad y calidad para buques y sistemas mar\u00edtimos.<\/p>\t\t\t\t\t\t\t\t<\/div>\n\t\t\t\t<\/div>\n\t\t<div class=\"elementor-element elementor-element-05249d4 e-con-full e-flex e-con e-child\" data-id=\"05249d4\" data-element_type=\"container\" data-e-type=\"container\" data-settings=\"{&quot;background_background&quot;:&quot;classic&quot;}\">\n\t\t\t\t<div class=\"elementor-element elementor-element-a3dd534 elementor-widget elementor-widget-heading\" data-id=\"a3dd534\" data-element_type=\"widget\" data-e-type=\"widget\" data-widget_type=\"heading.default\">\n\t\t\t\t\t<h3 class=\"elementor-heading-title elementor-size-default\">RINA (Registro Italiano Navale) <\/h3>\t\t\t\t<\/div>\n\t\t\t\t<div class=\"elementor-element elementor-element-7152e9a elementor-widget elementor-widget-text-editor\" data-id=\"7152e9a\" data-element_type=\"widget\" data-e-type=\"widget\" data-widget_type=\"text-editor.default\">\n\t\t\t\t\t\t\t\t\t<p>Garantiza la calidad, la seguridad y la fiabilidad seg\u00fan las normas italianas e internacionales.<\/p>\t\t\t\t\t\t\t\t<\/div>\n\t\t\t\t<\/div>\n\t\t\t\t\t<\/div>\n\t\t\t\t<\/div>\n\t\t\t\t<\/div>\n\t\t","protected":false},"excerpt":{"rendered":"<p>Nuestro compromiso de calidad La confianza es la base de toda asociaci\u00f3n exitosa. Con nuestra clara promesa de calidad, garantizamos soluciones seguras, sostenibles y fiables, probadas seg\u00fan los m\u00e1s altos est\u00e1ndares internacionales. ISO 9001: gesti\u00f3n de calidad La certificaci\u00f3n ISO 9001 representa la m\u00e1xima calidad en todos los procesos. Garantiza que trabajamos sistem\u00e1ticamente seg\u00fan est\u00e1ndares [&hellip;]<\/p>\n","protected":false},"author":1,"featured_media":0,"parent":0,"menu_order":0,"comment_status":"closed","ping_status":"closed","template":"","meta":{"footnotes":""},"class_list":["post-2685","page","type-page","status-publish","hentry"],"yoast_head":"<!-- This site is optimized with the Yoast SEO plugin v27.3 - https:\/\/yoast.com\/product\/yoast-seo-wordpress\/ -->\n<title>Nuestra promesa de calidad - Separ Filter<\/title>\n<meta name=\"robots\" content=\"index, follow, max-snippet:-1, max-image-preview:large, max-video-preview:-1\" \/>\n<link rel=\"canonical\" href=\"https:\/\/www.separ.de\/es\/nuestra-promesa-de-calidad\/\" \/>\n<meta property=\"og:locale\" content=\"es_ES\" \/>\n<meta property=\"og:type\" content=\"article\" \/>\n<meta property=\"og:title\" content=\"Nuestra promesa de calidad - Separ Filter\" \/>\n<meta property=\"og:description\" content=\"Nuestro compromiso de calidad La confianza es la base de toda asociaci\u00f3n exitosa. Con nuestra clara promesa de calidad, garantizamos soluciones seguras, sostenibles y fiables, probadas seg\u00fan los m\u00e1s altos est\u00e1ndares internacionales. ISO 9001: gesti\u00f3n de calidad La certificaci\u00f3n ISO 9001 representa la m\u00e1xima calidad en todos los procesos. Garantiza que trabajamos sistem\u00e1ticamente seg\u00fan est\u00e1ndares [&hellip;]\" \/>\n<meta property=\"og:url\" content=\"https:\/\/www.separ.de\/es\/nuestra-promesa-de-calidad\/\" \/>\n<meta property=\"og:site_name\" content=\"Separ Filter\" \/>\n<meta property=\"article:modified_time\" content=\"2026-02-18T11:09:03+00:00\" \/>\n<meta property=\"og:image\" content=\"http:\/\/separ.dev-pixalla.de\/wp-content\/uploads\/2026\/02\/Bildschirmfoto-2026-02-04-um-11.39.41-717x1024.png\" \/>\n<meta name=\"twitter:card\" content=\"summary_large_image\" \/>\n<meta name=\"twitter:label1\" content=\"Tiempo de lectura\" \/>\n\t<meta name=\"twitter:data1\" content=\"1 minuto\" \/>\n<script type=\"application\/ld+json\" class=\"yoast-schema-graph\">{\"@context\":\"https:\\\/\\\/schema.org\",\"@graph\":[{\"@type\":\"WebPage\",\"@id\":\"https:\\\/\\\/www.separ.de\\\/es\\\/nuestra-promesa-de-calidad\\\/\",\"url\":\"https:\\\/\\\/www.separ.de\\\/es\\\/nuestra-promesa-de-calidad\\\/\",\"name\":\"Nuestra promesa de calidad - Separ Filter\",\"isPartOf\":{\"@id\":\"https:\\\/\\\/www.separ.de\\\/en\\\/#website\"},\"primaryImageOfPage\":{\"@id\":\"https:\\\/\\\/www.separ.de\\\/es\\\/nuestra-promesa-de-calidad\\\/#primaryimage\"},\"image\":{\"@id\":\"https:\\\/\\\/www.separ.de\\\/es\\\/nuestra-promesa-de-calidad\\\/#primaryimage\"},\"thumbnailUrl\":\"http:\\\/\\\/separ.dev-pixalla.de\\\/wp-content\\\/uploads\\\/2026\\\/02\\\/Bildschirmfoto-2026-02-04-um-11.39.41-717x1024.png\",\"datePublished\":\"2025-12-02T14:59:21+00:00\",\"dateModified\":\"2026-02-18T11:09:03+00:00\",\"breadcrumb\":{\"@id\":\"https:\\\/\\\/www.separ.de\\\/es\\\/nuestra-promesa-de-calidad\\\/#breadcrumb\"},\"inLanguage\":\"es\",\"potentialAction\":[{\"@type\":\"ReadAction\",\"target\":[\"https:\\\/\\\/www.separ.de\\\/es\\\/nuestra-promesa-de-calidad\\\/\"]}]},{\"@type\":\"ImageObject\",\"inLanguage\":\"es\",\"@id\":\"https:\\\/\\\/www.separ.de\\\/es\\\/nuestra-promesa-de-calidad\\\/#primaryimage\",\"url\":\"http:\\\/\\\/separ.dev-pixalla.de\\\/wp-content\\\/uploads\\\/2026\\\/02\\\/Bildschirmfoto-2026-02-04-um-11.39.41-717x1024.png\",\"contentUrl\":\"http:\\\/\\\/separ.dev-pixalla.de\\\/wp-content\\\/uploads\\\/2026\\\/02\\\/Bildschirmfoto-2026-02-04-um-11.39.41-717x1024.png\"},{\"@type\":\"BreadcrumbList\",\"@id\":\"https:\\\/\\\/www.separ.de\\\/es\\\/nuestra-promesa-de-calidad\\\/#breadcrumb\",\"itemListElement\":[{\"@type\":\"ListItem\",\"position\":1,\"name\":\"Start\",\"item\":\"https:\\\/\\\/www.separ.de\\\/es\\\/pagina-de-inicio\\\/\"},{\"@type\":\"ListItem\",\"position\":2,\"name\":\"Nuestra promesa de calidad\"}]},{\"@type\":\"WebSite\",\"@id\":\"https:\\\/\\\/www.separ.de\\\/en\\\/#website\",\"url\":\"https:\\\/\\\/www.separ.de\\\/en\\\/\",\"name\":\"Separ Filter\",\"description\":\"\",\"publisher\":{\"@id\":\"https:\\\/\\\/www.separ.de\\\/en\\\/#organization\"},\"potentialAction\":[{\"@type\":\"SearchAction\",\"target\":{\"@type\":\"EntryPoint\",\"urlTemplate\":\"https:\\\/\\\/www.separ.de\\\/en\\\/?s={search_term_string}\"},\"query-input\":{\"@type\":\"PropertyValueSpecification\",\"valueRequired\":true,\"valueName\":\"search_term_string\"}}],\"inLanguage\":\"es\"},{\"@type\":\"Organization\",\"@id\":\"https:\\\/\\\/www.separ.de\\\/en\\\/#organization\",\"name\":\"Separ Filter\",\"url\":\"https:\\\/\\\/www.separ.de\\\/en\\\/\",\"logo\":{\"@type\":\"ImageObject\",\"inLanguage\":\"es\",\"@id\":\"https:\\\/\\\/www.separ.de\\\/en\\\/#\\\/schema\\\/logo\\\/image\\\/\",\"url\":\"https:\\\/\\\/www.separ.de\\\/wp-content\\\/uploads\\\/2025\\\/10\\\/logo_separ.svg\",\"contentUrl\":\"https:\\\/\\\/www.separ.de\\\/wp-content\\\/uploads\\\/2025\\\/10\\\/logo_separ.svg\",\"width\":242,\"height\":114,\"caption\":\"Separ Filter\"},\"image\":{\"@id\":\"https:\\\/\\\/www.separ.de\\\/en\\\/#\\\/schema\\\/logo\\\/image\\\/\"}}]}<\/script>\n<!-- \/ Yoast SEO plugin. -->","yoast_head_json":{"title":"Nuestra promesa de calidad - Separ Filter","robots":{"index":"index","follow":"follow","max-snippet":"max-snippet:-1","max-image-preview":"max-image-preview:large","max-video-preview":"max-video-preview:-1"},"canonical":"https:\/\/www.separ.de\/es\/nuestra-promesa-de-calidad\/","og_locale":"es_ES","og_type":"article","og_title":"Nuestra promesa de calidad - Separ Filter","og_description":"Nuestro compromiso de calidad La confianza es la base de toda asociaci\u00f3n exitosa. Con nuestra clara promesa de calidad, garantizamos soluciones seguras, sostenibles y fiables, probadas seg\u00fan los m\u00e1s altos est\u00e1ndares internacionales. ISO 9001: gesti\u00f3n de calidad La certificaci\u00f3n ISO 9001 representa la m\u00e1xima calidad en todos los procesos. Garantiza que trabajamos sistem\u00e1ticamente seg\u00fan est\u00e1ndares [&hellip;]","og_url":"https:\/\/www.separ.de\/es\/nuestra-promesa-de-calidad\/","og_site_name":"Separ Filter","article_modified_time":"2026-02-18T11:09:03+00:00","og_image":[{"url":"http:\/\/separ.dev-pixalla.de\/wp-content\/uploads\/2026\/02\/Bildschirmfoto-2026-02-04-um-11.39.41-717x1024.png","type":"","width":"","height":""}],"twitter_card":"summary_large_image","twitter_misc":{"Tiempo de lectura":"1 minuto"},"schema":{"@context":"https:\/\/schema.org","@graph":[{"@type":"WebPage","@id":"https:\/\/www.separ.de\/es\/nuestra-promesa-de-calidad\/","url":"https:\/\/www.separ.de\/es\/nuestra-promesa-de-calidad\/","name":"Nuestra promesa de calidad - Separ Filter","isPartOf":{"@id":"https:\/\/www.separ.de\/en\/#website"},"primaryImageOfPage":{"@id":"https:\/\/www.separ.de\/es\/nuestra-promesa-de-calidad\/#primaryimage"},"image":{"@id":"https:\/\/www.separ.de\/es\/nuestra-promesa-de-calidad\/#primaryimage"},"thumbnailUrl":"http:\/\/separ.dev-pixalla.de\/wp-content\/uploads\/2026\/02\/Bildschirmfoto-2026-02-04-um-11.39.41-717x1024.png","datePublished":"2025-12-02T14:59:21+00:00","dateModified":"2026-02-18T11:09:03+00:00","breadcrumb":{"@id":"https:\/\/www.separ.de\/es\/nuestra-promesa-de-calidad\/#breadcrumb"},"inLanguage":"es","potentialAction":[{"@type":"ReadAction","target":["https:\/\/www.separ.de\/es\/nuestra-promesa-de-calidad\/"]}]},{"@type":"ImageObject","inLanguage":"es","@id":"https:\/\/www.separ.de\/es\/nuestra-promesa-de-calidad\/#primaryimage","url":"http:\/\/separ.dev-pixalla.de\/wp-content\/uploads\/2026\/02\/Bildschirmfoto-2026-02-04-um-11.39.41-717x1024.png","contentUrl":"http:\/\/separ.dev-pixalla.de\/wp-content\/uploads\/2026\/02\/Bildschirmfoto-2026-02-04-um-11.39.41-717x1024.png"},{"@type":"BreadcrumbList","@id":"https:\/\/www.separ.de\/es\/nuestra-promesa-de-calidad\/#breadcrumb","itemListElement":[{"@type":"ListItem","position":1,"name":"Start","item":"https:\/\/www.separ.de\/es\/pagina-de-inicio\/"},{"@type":"ListItem","position":2,"name":"Nuestra promesa de calidad"}]},{"@type":"WebSite","@id":"https:\/\/www.separ.de\/en\/#website","url":"https:\/\/www.separ.de\/en\/","name":"Separ Filter","description":"","publisher":{"@id":"https:\/\/www.separ.de\/en\/#organization"},"potentialAction":[{"@type":"SearchAction","target":{"@type":"EntryPoint","urlTemplate":"https:\/\/www.separ.de\/en\/?s={search_term_string}"},"query-input":{"@type":"PropertyValueSpecification","valueRequired":true,"valueName":"search_term_string"}}],"inLanguage":"es"},{"@type":"Organization","@id":"https:\/\/www.separ.de\/en\/#organization","name":"Separ Filter","url":"https:\/\/www.separ.de\/en\/","logo":{"@type":"ImageObject","inLanguage":"es","@id":"https:\/\/www.separ.de\/en\/#\/schema\/logo\/image\/","url":"https:\/\/www.separ.de\/wp-content\/uploads\/2025\/10\/logo_separ.svg","contentUrl":"https:\/\/www.separ.de\/wp-content\/uploads\/2025\/10\/logo_separ.svg","width":242,"height":114,"caption":"Separ Filter"},"image":{"@id":"https:\/\/www.separ.de\/en\/#\/schema\/logo\/image\/"}}]}},"_links":{"self":[{"href":"https:\/\/www.separ.de\/es\/wp-json\/wp\/v2\/pages\/2685","targetHints":{"allow":["GET"]}}],"collection":[{"href":"https:\/\/www.separ.de\/es\/wp-json\/wp\/v2\/pages"}],"about":[{"href":"https:\/\/www.separ.de\/es\/wp-json\/wp\/v2\/types\/page"}],"author":[{"embeddable":true,"href":"https:\/\/www.separ.de\/es\/wp-json\/wp\/v2\/users\/1"}],"replies":[{"embeddable":true,"href":"https:\/\/www.separ.de\/es\/wp-json\/wp\/v2\/comments?post=2685"}],"version-history":[{"count":0,"href":"https:\/\/www.separ.de\/es\/wp-json\/wp\/v2\/pages\/2685\/revisions"}],"wp:attachment":[{"href":"https:\/\/www.separ.de\/es\/wp-json\/wp\/v2\/media?parent=2685"}],"curies":[{"name":"wp","href":"https:\/\/api.w.org\/{rel}","templated":true}]}}