{"id":2596,"date":"2025-12-02T15:59:21","date_gmt":"2025-12-02T14:59:21","guid":{"rendered":"https:\/\/separ.dev-pixalla.de\/notre-promesse-de-qualite\/"},"modified":"2026-02-18T12:09:03","modified_gmt":"2026-02-18T11:09:03","slug":"notre-promesse-de-qualite","status":"publish","type":"page","link":"https:\/\/www.separ.de\/fr\/notre-promesse-de-qualite\/","title":{"rendered":"Notre promesse de qualit\u00e9"},"content":{"rendered":"\t\t<div data-elementor-type=\"wp-page\" data-elementor-id=\"2596\" class=\"elementor elementor-2596 elementor-1670\" data-elementor-post-type=\"page\">\n\t\t\t\t<div class=\"elementor-element elementor-element-53a6e0b e-con-full e-flex e-con e-parent\" data-id=\"53a6e0b\" data-element_type=\"container\" data-e-type=\"container\">\n\t\t<div class=\"elementor-element elementor-element-46a2432 e-flex e-con-boxed e-con e-child\" data-id=\"46a2432\" data-element_type=\"container\" data-e-type=\"container\" data-settings=\"{&quot;background_background&quot;:&quot;classic&quot;}\">\n\t\t\t\t\t<div class=\"e-con-inner\">\n\t\t<div class=\"elementor-element elementor-element-2d5dc07 e-con-full e-flex e-con e-child\" data-id=\"2d5dc07\" data-element_type=\"container\" data-e-type=\"container\">\n\t\t\t\t<div class=\"elementor-element elementor-element-ffe52f2 elementor-widget elementor-widget-heading\" data-id=\"ffe52f2\" data-element_type=\"widget\" data-e-type=\"widget\" data-widget_type=\"heading.default\">\n\t\t\t\t\t<h1 class=\"elementor-heading-title elementor-size-default\">Notre <br><b>promesse de qualit\u00e9<\/b><\/h1>\t\t\t\t<\/div>\n\t\t\t\t<div class=\"elementor-element elementor-element-245a9de elementor-widget__width-initial elementor-hidden-mobile elementor-widget elementor-widget-text-editor\" data-id=\"245a9de\" data-element_type=\"widget\" data-e-type=\"widget\" data-widget_type=\"text-editor.default\">\n\t\t\t\t\t\t\t\t\tLa confiance est la base de tout partenariat r\u00e9ussi. Avec notre promesse de qualit\u00e9 claire, nous garantissons des solutions s\u00fbres, durables et fiables, test\u00e9es selon les normes internationales les plus strictes. \t\t\t\t\t\t\t\t<\/div>\n\t\t\t\t<\/div>\n\t\t\t\t\t<\/div>\n\t\t\t\t<\/div>\n\t\t\t\t<\/div>\n\t\t<div class=\"elementor-element elementor-element-231d415 e-flex e-con-boxed e-con e-parent\" data-id=\"231d415\" data-element_type=\"container\" data-e-type=\"container\">\n\t\t\t\t\t<div class=\"e-con-inner\">\n\t\t<div class=\"elementor-element elementor-element-bd10266 e-con-full e-flex e-con e-child\" data-id=\"bd10266\" data-element_type=\"container\" data-e-type=\"container\">\n\t\t\t\t<div class=\"elementor-element elementor-element-9ceebcb elementor-widget elementor-widget-heading\" data-id=\"9ceebcb\" data-element_type=\"widget\" data-e-type=\"widget\" data-widget_type=\"heading.default\">\n\t\t\t\t\t<h2 class=\"elementor-heading-title elementor-size-default\">ISO 9001 \u2013 Management de la qualit\u00e9<\/h2>\t\t\t\t<\/div>\n\t\t\t\t<div class=\"elementor-element elementor-element-48afeb5 elementor-widget__width-initial elementor-widget elementor-widget-text-editor\" data-id=\"48afeb5\" data-element_type=\"widget\" data-e-type=\"widget\" data-widget_type=\"text-editor.default\">\n\t\t\t\t\t\t\t\t\t<p>La certification ISO 9001 est synonyme de qualit\u00e9 sup\u00e9rieure dans tous les processus. Elle garantit que nous travaillons syst\u00e9matiquement selon des normes claires, que nous nous am\u00e9liorons continuellement et que nous accordons une importance primordiale \u00e0 la satisfaction de nos clients. <\/p>\t\t\t\t\t\t\t\t<\/div>\n\t\t\t\t<\/div>\n\t\t<div class=\"elementor-element elementor-element-750a62e e-con-full e-flex e-con e-child\" data-id=\"750a62e\" data-element_type=\"container\" data-e-type=\"container\">\n\t\t\t\t<div class=\"elementor-element elementor-element-dd59c5c elementor-invisible elementor-widget elementor-widget-image\" data-id=\"dd59c5c\" data-element_type=\"widget\" data-e-type=\"widget\" data-settings=\"{&quot;_animation&quot;:&quot;fadeInUp&quot;}\" data-widget_type=\"image.default\">\n\t\t\t\t\t\t\t\t\t\t\t\t\t\t\t<img fetchpriority=\"high\" decoding=\"async\" width=\"717\" height=\"1024\" src=\"https:\/\/www.separ.de\/wp-content\/uploads\/2026\/02\/Bildschirmfoto-2026-02-04-um-11.39.41-717x1024.png\" class=\"attachment-large size-large wp-image-4654\" alt=\"\" srcset=\"https:\/\/www.separ.de\/wp-content\/uploads\/2026\/02\/Bildschirmfoto-2026-02-04-um-11.39.41-717x1024.png 717w, https:\/\/www.separ.de\/wp-content\/uploads\/2026\/02\/Bildschirmfoto-2026-02-04-um-11.39.41-210x300.png 210w, https:\/\/www.separ.de\/wp-content\/uploads\/2026\/02\/Bildschirmfoto-2026-02-04-um-11.39.41-768x1097.png 768w, https:\/\/www.separ.de\/wp-content\/uploads\/2026\/02\/Bildschirmfoto-2026-02-04-um-11.39.41-1076x1536.png 1076w, https:\/\/www.separ.de\/wp-content\/uploads\/2026\/02\/Bildschirmfoto-2026-02-04-um-11.39.41-1434x2048.png 1434w, https:\/\/www.separ.de\/wp-content\/uploads\/2026\/02\/Bildschirmfoto-2026-02-04-um-11.39.41.png 1626w\" sizes=\"(max-width: 717px) 100vw, 717px\" \/>\t\t\t\t\t\t\t\t\t\t\t\t\t\t\t<\/div>\n\t\t\t\t<\/div>\n\t\t\t\t\t<\/div>\n\t\t\t\t<\/div>\n\t\t<div class=\"elementor-element elementor-element-7bc4901 e-flex e-con-boxed e-con e-parent\" data-id=\"7bc4901\" data-element_type=\"container\" data-e-type=\"container\">\n\t\t\t\t\t<div class=\"e-con-inner\">\n\t\t<div class=\"elementor-element elementor-element-112b36f e-con-full e-flex e-con e-child\" data-id=\"112b36f\" data-element_type=\"container\" data-e-type=\"container\">\n\t\t\t\t<div class=\"elementor-element elementor-element-2fe1208 elementor-widget elementor-widget-heading\" data-id=\"2fe1208\" data-element_type=\"widget\" data-e-type=\"widget\" data-widget_type=\"heading.default\">\n\t\t\t\t\t<h2 class=\"elementor-heading-title elementor-size-default\">ISO 14001 \u2013 Management environnemental<\/h2>\t\t\t\t<\/div>\n\t\t\t\t<div class=\"elementor-element elementor-element-0bca346 elementor-widget__width-initial elementor-widget elementor-widget-text-editor\" data-id=\"0bca346\" data-element_type=\"widget\" data-e-type=\"widget\" data-widget_type=\"text-editor.default\">\n\t\t\t\t\t\t\t\t\t<p>Avec la certification ISO 14001, nous d\u00e9montrons notre engagement envers l\u2019environnement. Nous agissons de mani\u00e8re responsable, minimisons notre empreinte \u00e9cologique et mettons en \u0153uvre des mesures durables dans tous les secteurs de l\u2019entreprise. <\/p>\t\t\t\t\t\t\t\t<\/div>\n\t\t\t\t<\/div>\n\t\t<div class=\"elementor-element elementor-element-c75533c e-con-full e-flex e-con e-child\" data-id=\"c75533c\" data-element_type=\"container\" data-e-type=\"container\">\n\t\t\t\t<div class=\"elementor-element elementor-element-e45d3fb elementor-invisible elementor-widget elementor-widget-image\" data-id=\"e45d3fb\" data-element_type=\"widget\" data-e-type=\"widget\" data-settings=\"{&quot;_animation&quot;:&quot;fadeInUp&quot;}\" data-widget_type=\"image.default\">\n\t\t\t\t\t\t\t\t\t\t\t\t\t\t\t<img decoding=\"async\" width=\"721\" height=\"1024\" src=\"https:\/\/www.separ.de\/wp-content\/uploads\/2026\/02\/Bildschirmfoto-2026-02-04-um-11.40.34-721x1024.png\" class=\"attachment-large size-large wp-image-4655\" alt=\"\" srcset=\"https:\/\/www.separ.de\/wp-content\/uploads\/2026\/02\/Bildschirmfoto-2026-02-04-um-11.40.34-721x1024.png 721w, https:\/\/www.separ.de\/wp-content\/uploads\/2026\/02\/Bildschirmfoto-2026-02-04-um-11.40.34-211x300.png 211w, https:\/\/www.separ.de\/wp-content\/uploads\/2026\/02\/Bildschirmfoto-2026-02-04-um-11.40.34-768x1091.png 768w, https:\/\/www.separ.de\/wp-content\/uploads\/2026\/02\/Bildschirmfoto-2026-02-04-um-11.40.34-1081x1536.png 1081w, https:\/\/www.separ.de\/wp-content\/uploads\/2026\/02\/Bildschirmfoto-2026-02-04-um-11.40.34-1442x2048.png 1442w, https:\/\/www.separ.de\/wp-content\/uploads\/2026\/02\/Bildschirmfoto-2026-02-04-um-11.40.34.png 1646w\" sizes=\"(max-width: 721px) 100vw, 721px\" \/>\t\t\t\t\t\t\t\t\t\t\t\t\t\t\t<\/div>\n\t\t\t\t<\/div>\n\t\t\t\t\t<\/div>\n\t\t\t\t<\/div>\n\t\t<div class=\"elementor-element elementor-element-b9129b9 e-flex e-con-boxed e-con e-parent\" data-id=\"b9129b9\" data-element_type=\"container\" data-e-type=\"container\">\n\t\t\t\t\t<div class=\"e-con-inner\">\n\t\t<div class=\"elementor-element elementor-element-95df6f0 e-con-full e-flex e-con e-child\" data-id=\"95df6f0\" data-element_type=\"container\" data-e-type=\"container\">\n\t\t\t\t<div class=\"elementor-element elementor-element-3983f82 elementor-widget elementor-widget-heading\" data-id=\"3983f82\" data-element_type=\"widget\" data-e-type=\"widget\" data-widget_type=\"heading.default\">\n\t\t\t\t\t<h2 class=\"elementor-heading-title elementor-size-default\">Nos agr\u00e9ments de type marine<\/h2>\t\t\t\t<\/div>\n\t\t\t\t<div class=\"elementor-element elementor-element-f3c7dab elementor-widget__width-initial elementor-widget elementor-widget-text-editor\" data-id=\"f3c7dab\" data-element_type=\"widget\" data-e-type=\"widget\" data-widget_type=\"text-editor.default\">\n\t\t\t\t\t\t\t\t\t<p>Nous sommes certifi\u00e9s par les principales soci\u00e9t\u00e9s de classification et r\u00e9pondons aux normes les plus strictes dans le domaine de la construction navale et offshore :<\/p>\t\t\t\t\t\t\t\t<\/div>\n\t\t\t\t<\/div>\n\t\t\t\t\t<\/div>\n\t\t\t\t<\/div>\n\t\t<div class=\"elementor-element elementor-element-1a33117 e-grid e-con-boxed e-con e-parent\" data-id=\"1a33117\" data-element_type=\"container\" data-e-type=\"container\">\n\t\t\t\t\t<div class=\"e-con-inner\">\n\t\t<div class=\"elementor-element elementor-element-8d89b87 e-con-full e-flex e-con e-child\" data-id=\"8d89b87\" data-element_type=\"container\" data-e-type=\"container\" data-settings=\"{&quot;background_background&quot;:&quot;classic&quot;}\">\n\t\t\t\t<div class=\"elementor-element elementor-element-9e09a35 elementor-widget elementor-widget-heading\" data-id=\"9e09a35\" data-element_type=\"widget\" data-e-type=\"widget\" data-widget_type=\"heading.default\">\n\t\t\t\t\t<h3 class=\"elementor-heading-title elementor-size-default\">ABS (American Bureau of Shipping)<\/h3>\t\t\t\t<\/div>\n\t\t\t\t<div class=\"elementor-element elementor-element-bad4934 elementor-widget elementor-widget-text-editor\" data-id=\"bad4934\" data-element_type=\"widget\" data-e-type=\"widget\" data-widget_type=\"text-editor.default\">\n\t\t\t\t\t\t\t\t\t<p>Norme reconnue pour la s\u00e9curit\u00e9, la fiabilit\u00e9 et la performance dans le transport maritime.<\/p>\t\t\t\t\t\t\t\t<\/div>\n\t\t\t\t<\/div>\n\t\t<div class=\"elementor-element elementor-element-4eb555d e-con-full e-flex e-con e-child\" data-id=\"4eb555d\" data-element_type=\"container\" data-e-type=\"container\" data-settings=\"{&quot;background_background&quot;:&quot;classic&quot;}\">\n\t\t\t\t<div class=\"elementor-element elementor-element-12f8ee8 elementor-widget elementor-widget-heading\" data-id=\"12f8ee8\" data-element_type=\"widget\" data-e-type=\"widget\" data-widget_type=\"heading.default\">\n\t\t\t\t\t<h3 class=\"elementor-heading-title elementor-size-default\">BV (Bureau Veritas) <\/h3>\t\t\t\t<\/div>\n\t\t\t\t<div class=\"elementor-element elementor-element-bf2dd3c elementor-widget elementor-widget-text-editor\" data-id=\"bf2dd3c\" data-element_type=\"widget\" data-e-type=\"widget\" data-widget_type=\"text-editor.default\">\n\t\t\t\t\t\t\t\t\t<p>Garantit que nos produits sont conformes aux exigences techniques et de s\u00e9curit\u00e9 internationales.<\/p>\t\t\t\t\t\t\t\t<\/div>\n\t\t\t\t<\/div>\n\t\t<div class=\"elementor-element elementor-element-dafc9f4 e-con-full e-flex e-con e-child\" data-id=\"dafc9f4\" data-element_type=\"container\" data-e-type=\"container\" data-settings=\"{&quot;background_background&quot;:&quot;classic&quot;}\">\n\t\t\t\t<div class=\"elementor-element elementor-element-4024dab elementor-widget elementor-widget-heading\" data-id=\"4024dab\" data-element_type=\"widget\" data-e-type=\"widget\" data-widget_type=\"heading.default\">\n\t\t\t\t\t<h3 class=\"elementor-heading-title elementor-size-default\">CCS (China Classification Society) <\/h3>\t\t\t\t<\/div>\n\t\t\t\t<div class=\"elementor-element elementor-element-fe8c48c elementor-widget elementor-widget-text-editor\" data-id=\"fe8c48c\" data-element_type=\"widget\" data-e-type=\"widget\" data-widget_type=\"text-editor.default\">\n\t\t\t\t\t\t\t\t\t<p>Confirme la conformit\u00e9 de nos produits aux normes de construction navale chinoises et internationales.<\/p>\t\t\t\t\t\t\t\t<\/div>\n\t\t\t\t<\/div>\n\t\t<div class=\"elementor-element elementor-element-70c30bf e-con-full e-flex e-con e-child\" data-id=\"70c30bf\" data-element_type=\"container\" data-e-type=\"container\" data-settings=\"{&quot;background_background&quot;:&quot;classic&quot;}\">\n\t\t\t\t<div class=\"elementor-element elementor-element-943ad32 elementor-widget elementor-widget-heading\" data-id=\"943ad32\" data-element_type=\"widget\" data-e-type=\"widget\" data-widget_type=\"heading.default\">\n\t\t\t\t\t<h3 class=\"elementor-heading-title elementor-size-default\">DNV (Det Norske Veritas)<\/h3>\t\t\t\t<\/div>\n\t\t\t\t<div class=\"elementor-element elementor-element-64814f0 elementor-widget elementor-widget-text-editor\" data-id=\"64814f0\" data-element_type=\"widget\" data-e-type=\"widget\" data-widget_type=\"text-editor.default\">\n\t\t\t\t\t\t\t\t\tConfirme le respect des normes internationales \u00e9lev\u00e9es de s\u00e9curit\u00e9 et de qualit\u00e9 pour une utilisation maritime.\t\t\t\t\t\t\t\t<\/div>\n\t\t\t\t<\/div>\n\t\t<div class=\"elementor-element elementor-element-184c015 e-con-full e-flex e-con e-child\" data-id=\"184c015\" data-element_type=\"container\" data-e-type=\"container\" data-settings=\"{&quot;background_background&quot;:&quot;classic&quot;}\">\n\t\t\t\t<div class=\"elementor-element elementor-element-4300e5f elementor-widget elementor-widget-heading\" data-id=\"4300e5f\" data-element_type=\"widget\" data-e-type=\"widget\" data-widget_type=\"heading.default\">\n\t\t\t\t\t<h3 class=\"elementor-heading-title elementor-size-default\">Lloyd\u2019s Register <\/h3>\t\t\t\t<\/div>\n\t\t\t\t<div class=\"elementor-element elementor-element-a5128ba elementor-widget elementor-widget-text-editor\" data-id=\"a5128ba\" data-element_type=\"widget\" data-e-type=\"widget\" data-widget_type=\"text-editor.default\">\n\t\t\t\t\t\t\t\t\t<p>Prouve le respect de normes de s\u00e9curit\u00e9 et de qualit\u00e9 strictes pour les navires et les syst\u00e8mes maritimes.<\/p>\t\t\t\t\t\t\t\t<\/div>\n\t\t\t\t<\/div>\n\t\t<div class=\"elementor-element elementor-element-05249d4 e-con-full e-flex e-con e-child\" data-id=\"05249d4\" data-element_type=\"container\" data-e-type=\"container\" data-settings=\"{&quot;background_background&quot;:&quot;classic&quot;}\">\n\t\t\t\t<div class=\"elementor-element elementor-element-a3dd534 elementor-widget elementor-widget-heading\" data-id=\"a3dd534\" data-element_type=\"widget\" data-e-type=\"widget\" data-widget_type=\"heading.default\">\n\t\t\t\t\t<h3 class=\"elementor-heading-title elementor-size-default\">RINA (Registro Italiano Navale) <\/h3>\t\t\t\t<\/div>\n\t\t\t\t<div class=\"elementor-element elementor-element-7152e9a elementor-widget elementor-widget-text-editor\" data-id=\"7152e9a\" data-element_type=\"widget\" data-e-type=\"widget\" data-widget_type=\"text-editor.default\">\n\t\t\t\t\t\t\t\t\t<p>Garantit la qualit\u00e9, la s\u00e9curit\u00e9 et la fiabilit\u00e9 selon les normes italiennes et internationales.<\/p>\t\t\t\t\t\t\t\t<\/div>\n\t\t\t\t<\/div>\n\t\t\t\t\t<\/div>\n\t\t\t\t<\/div>\n\t\t\t\t<\/div>\n\t\t","protected":false},"excerpt":{"rendered":"<p>Notre promesse de qualit\u00e9 La confiance est la base de tout partenariat r\u00e9ussi. Avec notre promesse de qualit\u00e9 claire, nous garantissons des solutions s\u00fbres, durables et fiables, test\u00e9es selon les normes internationales les plus strictes. ISO 9001 \u2013 Management de la qualit\u00e9 La certification ISO 9001 est synonyme de qualit\u00e9 sup\u00e9rieure dans tous les processus. [&hellip;]<\/p>\n","protected":false},"author":1,"featured_media":0,"parent":0,"menu_order":0,"comment_status":"closed","ping_status":"closed","template":"","meta":{"footnotes":""},"class_list":["post-2596","page","type-page","status-publish","hentry"],"yoast_head":"<!-- This site is optimized with the Yoast SEO plugin v27.3 - https:\/\/yoast.com\/product\/yoast-seo-wordpress\/ -->\n<title>Notre promesse de qualit\u00e9 - Separ Filter<\/title>\n<meta name=\"robots\" content=\"index, follow, max-snippet:-1, max-image-preview:large, max-video-preview:-1\" \/>\n<link rel=\"canonical\" href=\"https:\/\/www.separ.de\/fr\/notre-promesse-de-qualite\/\" \/>\n<meta property=\"og:locale\" content=\"fr_FR\" \/>\n<meta property=\"og:type\" content=\"article\" \/>\n<meta property=\"og:title\" content=\"Notre promesse de qualit\u00e9 - Separ Filter\" \/>\n<meta property=\"og:description\" content=\"Notre promesse de qualit\u00e9 La confiance est la base de tout partenariat r\u00e9ussi. Avec notre promesse de qualit\u00e9 claire, nous garantissons des solutions s\u00fbres, durables et fiables, test\u00e9es selon les normes internationales les plus strictes. ISO 9001 \u2013 Management de la qualit\u00e9 La certification ISO 9001 est synonyme de qualit\u00e9 sup\u00e9rieure dans tous les processus. [&hellip;]\" \/>\n<meta property=\"og:url\" content=\"https:\/\/www.separ.de\/fr\/notre-promesse-de-qualite\/\" \/>\n<meta property=\"og:site_name\" content=\"Separ Filter\" \/>\n<meta property=\"article:modified_time\" content=\"2026-02-18T11:09:03+00:00\" \/>\n<meta property=\"og:image\" content=\"http:\/\/separ.dev-pixalla.de\/wp-content\/uploads\/2026\/02\/Bildschirmfoto-2026-02-04-um-11.39.41-717x1024.png\" \/>\n<meta name=\"twitter:card\" content=\"summary_large_image\" \/>\n<meta name=\"twitter:label1\" content=\"Dur\u00e9e de lecture estim\u00e9e\" \/>\n\t<meta name=\"twitter:data1\" content=\"1 minute\" \/>\n<script type=\"application\/ld+json\" class=\"yoast-schema-graph\">{\"@context\":\"https:\\\/\\\/schema.org\",\"@graph\":[{\"@type\":\"WebPage\",\"@id\":\"https:\\\/\\\/www.separ.de\\\/fr\\\/notre-promesse-de-qualite\\\/\",\"url\":\"https:\\\/\\\/www.separ.de\\\/fr\\\/notre-promesse-de-qualite\\\/\",\"name\":\"Notre promesse de qualit\u00e9 - Separ Filter\",\"isPartOf\":{\"@id\":\"https:\\\/\\\/www.separ.de\\\/en\\\/#website\"},\"primaryImageOfPage\":{\"@id\":\"https:\\\/\\\/www.separ.de\\\/fr\\\/notre-promesse-de-qualite\\\/#primaryimage\"},\"image\":{\"@id\":\"https:\\\/\\\/www.separ.de\\\/fr\\\/notre-promesse-de-qualite\\\/#primaryimage\"},\"thumbnailUrl\":\"http:\\\/\\\/separ.dev-pixalla.de\\\/wp-content\\\/uploads\\\/2026\\\/02\\\/Bildschirmfoto-2026-02-04-um-11.39.41-717x1024.png\",\"datePublished\":\"2025-12-02T14:59:21+00:00\",\"dateModified\":\"2026-02-18T11:09:03+00:00\",\"breadcrumb\":{\"@id\":\"https:\\\/\\\/www.separ.de\\\/fr\\\/notre-promesse-de-qualite\\\/#breadcrumb\"},\"inLanguage\":\"fr-FR\",\"potentialAction\":[{\"@type\":\"ReadAction\",\"target\":[\"https:\\\/\\\/www.separ.de\\\/fr\\\/notre-promesse-de-qualite\\\/\"]}]},{\"@type\":\"ImageObject\",\"inLanguage\":\"fr-FR\",\"@id\":\"https:\\\/\\\/www.separ.de\\\/fr\\\/notre-promesse-de-qualite\\\/#primaryimage\",\"url\":\"http:\\\/\\\/separ.dev-pixalla.de\\\/wp-content\\\/uploads\\\/2026\\\/02\\\/Bildschirmfoto-2026-02-04-um-11.39.41-717x1024.png\",\"contentUrl\":\"http:\\\/\\\/separ.dev-pixalla.de\\\/wp-content\\\/uploads\\\/2026\\\/02\\\/Bildschirmfoto-2026-02-04-um-11.39.41-717x1024.png\"},{\"@type\":\"BreadcrumbList\",\"@id\":\"https:\\\/\\\/www.separ.de\\\/fr\\\/notre-promesse-de-qualite\\\/#breadcrumb\",\"itemListElement\":[{\"@type\":\"ListItem\",\"position\":1,\"name\":\"Start\",\"item\":\"https:\\\/\\\/www.separ.de\\\/fr\\\/page-daccueil\\\/\"},{\"@type\":\"ListItem\",\"position\":2,\"name\":\"Notre promesse de qualit\u00e9\"}]},{\"@type\":\"WebSite\",\"@id\":\"https:\\\/\\\/www.separ.de\\\/en\\\/#website\",\"url\":\"https:\\\/\\\/www.separ.de\\\/en\\\/\",\"name\":\"Separ Filter\",\"description\":\"\",\"publisher\":{\"@id\":\"https:\\\/\\\/www.separ.de\\\/en\\\/#organization\"},\"potentialAction\":[{\"@type\":\"SearchAction\",\"target\":{\"@type\":\"EntryPoint\",\"urlTemplate\":\"https:\\\/\\\/www.separ.de\\\/en\\\/?s={search_term_string}\"},\"query-input\":{\"@type\":\"PropertyValueSpecification\",\"valueRequired\":true,\"valueName\":\"search_term_string\"}}],\"inLanguage\":\"fr-FR\"},{\"@type\":\"Organization\",\"@id\":\"https:\\\/\\\/www.separ.de\\\/en\\\/#organization\",\"name\":\"Separ Filter\",\"url\":\"https:\\\/\\\/www.separ.de\\\/en\\\/\",\"logo\":{\"@type\":\"ImageObject\",\"inLanguage\":\"fr-FR\",\"@id\":\"https:\\\/\\\/www.separ.de\\\/en\\\/#\\\/schema\\\/logo\\\/image\\\/\",\"url\":\"https:\\\/\\\/www.separ.de\\\/wp-content\\\/uploads\\\/2025\\\/10\\\/logo_separ.svg\",\"contentUrl\":\"https:\\\/\\\/www.separ.de\\\/wp-content\\\/uploads\\\/2025\\\/10\\\/logo_separ.svg\",\"width\":242,\"height\":114,\"caption\":\"Separ Filter\"},\"image\":{\"@id\":\"https:\\\/\\\/www.separ.de\\\/en\\\/#\\\/schema\\\/logo\\\/image\\\/\"}}]}<\/script>\n<!-- \/ Yoast SEO plugin. -->","yoast_head_json":{"title":"Notre promesse de qualit\u00e9 - Separ Filter","robots":{"index":"index","follow":"follow","max-snippet":"max-snippet:-1","max-image-preview":"max-image-preview:large","max-video-preview":"max-video-preview:-1"},"canonical":"https:\/\/www.separ.de\/fr\/notre-promesse-de-qualite\/","og_locale":"fr_FR","og_type":"article","og_title":"Notre promesse de qualit\u00e9 - Separ Filter","og_description":"Notre promesse de qualit\u00e9 La confiance est la base de tout partenariat r\u00e9ussi. Avec notre promesse de qualit\u00e9 claire, nous garantissons des solutions s\u00fbres, durables et fiables, test\u00e9es selon les normes internationales les plus strictes. ISO 9001 \u2013 Management de la qualit\u00e9 La certification ISO 9001 est synonyme de qualit\u00e9 sup\u00e9rieure dans tous les processus. [&hellip;]","og_url":"https:\/\/www.separ.de\/fr\/notre-promesse-de-qualite\/","og_site_name":"Separ Filter","article_modified_time":"2026-02-18T11:09:03+00:00","og_image":[{"url":"http:\/\/separ.dev-pixalla.de\/wp-content\/uploads\/2026\/02\/Bildschirmfoto-2026-02-04-um-11.39.41-717x1024.png","type":"","width":"","height":""}],"twitter_card":"summary_large_image","twitter_misc":{"Dur\u00e9e de lecture estim\u00e9e":"1 minute"},"schema":{"@context":"https:\/\/schema.org","@graph":[{"@type":"WebPage","@id":"https:\/\/www.separ.de\/fr\/notre-promesse-de-qualite\/","url":"https:\/\/www.separ.de\/fr\/notre-promesse-de-qualite\/","name":"Notre promesse de qualit\u00e9 - Separ Filter","isPartOf":{"@id":"https:\/\/www.separ.de\/en\/#website"},"primaryImageOfPage":{"@id":"https:\/\/www.separ.de\/fr\/notre-promesse-de-qualite\/#primaryimage"},"image":{"@id":"https:\/\/www.separ.de\/fr\/notre-promesse-de-qualite\/#primaryimage"},"thumbnailUrl":"http:\/\/separ.dev-pixalla.de\/wp-content\/uploads\/2026\/02\/Bildschirmfoto-2026-02-04-um-11.39.41-717x1024.png","datePublished":"2025-12-02T14:59:21+00:00","dateModified":"2026-02-18T11:09:03+00:00","breadcrumb":{"@id":"https:\/\/www.separ.de\/fr\/notre-promesse-de-qualite\/#breadcrumb"},"inLanguage":"fr-FR","potentialAction":[{"@type":"ReadAction","target":["https:\/\/www.separ.de\/fr\/notre-promesse-de-qualite\/"]}]},{"@type":"ImageObject","inLanguage":"fr-FR","@id":"https:\/\/www.separ.de\/fr\/notre-promesse-de-qualite\/#primaryimage","url":"http:\/\/separ.dev-pixalla.de\/wp-content\/uploads\/2026\/02\/Bildschirmfoto-2026-02-04-um-11.39.41-717x1024.png","contentUrl":"http:\/\/separ.dev-pixalla.de\/wp-content\/uploads\/2026\/02\/Bildschirmfoto-2026-02-04-um-11.39.41-717x1024.png"},{"@type":"BreadcrumbList","@id":"https:\/\/www.separ.de\/fr\/notre-promesse-de-qualite\/#breadcrumb","itemListElement":[{"@type":"ListItem","position":1,"name":"Start","item":"https:\/\/www.separ.de\/fr\/page-daccueil\/"},{"@type":"ListItem","position":2,"name":"Notre promesse de qualit\u00e9"}]},{"@type":"WebSite","@id":"https:\/\/www.separ.de\/en\/#website","url":"https:\/\/www.separ.de\/en\/","name":"Separ Filter","description":"","publisher":{"@id":"https:\/\/www.separ.de\/en\/#organization"},"potentialAction":[{"@type":"SearchAction","target":{"@type":"EntryPoint","urlTemplate":"https:\/\/www.separ.de\/en\/?s={search_term_string}"},"query-input":{"@type":"PropertyValueSpecification","valueRequired":true,"valueName":"search_term_string"}}],"inLanguage":"fr-FR"},{"@type":"Organization","@id":"https:\/\/www.separ.de\/en\/#organization","name":"Separ Filter","url":"https:\/\/www.separ.de\/en\/","logo":{"@type":"ImageObject","inLanguage":"fr-FR","@id":"https:\/\/www.separ.de\/en\/#\/schema\/logo\/image\/","url":"https:\/\/www.separ.de\/wp-content\/uploads\/2025\/10\/logo_separ.svg","contentUrl":"https:\/\/www.separ.de\/wp-content\/uploads\/2025\/10\/logo_separ.svg","width":242,"height":114,"caption":"Separ Filter"},"image":{"@id":"https:\/\/www.separ.de\/en\/#\/schema\/logo\/image\/"}}]}},"_links":{"self":[{"href":"https:\/\/www.separ.de\/fr\/wp-json\/wp\/v2\/pages\/2596","targetHints":{"allow":["GET"]}}],"collection":[{"href":"https:\/\/www.separ.de\/fr\/wp-json\/wp\/v2\/pages"}],"about":[{"href":"https:\/\/www.separ.de\/fr\/wp-json\/wp\/v2\/types\/page"}],"author":[{"embeddable":true,"href":"https:\/\/www.separ.de\/fr\/wp-json\/wp\/v2\/users\/1"}],"replies":[{"embeddable":true,"href":"https:\/\/www.separ.de\/fr\/wp-json\/wp\/v2\/comments?post=2596"}],"version-history":[{"count":0,"href":"https:\/\/www.separ.de\/fr\/wp-json\/wp\/v2\/pages\/2596\/revisions"}],"wp:attachment":[{"href":"https:\/\/www.separ.de\/fr\/wp-json\/wp\/v2\/media?parent=2596"}],"curies":[{"name":"wp","href":"https:\/\/api.w.org\/{rel}","templated":true}]}}