{"id":2603,"date":"2025-11-14T15:31:28","date_gmt":"2025-11-14T14:31:28","guid":{"rendered":"https:\/\/separ.dev-pixalla.de\/australie\/"},"modified":"2026-03-18T11:07:59","modified_gmt":"2026-03-18T10:07:59","slug":"australie","status":"publish","type":"page","link":"https:\/\/www.separ.de\/fr\/australie\/","title":{"rendered":"Australie"},"content":{"rendered":"\t\t<div data-elementor-type=\"wp-page\" data-elementor-id=\"2603\" class=\"elementor elementor-2603 elementor-1635\" data-elementor-post-type=\"page\">\n\t\t\t\t<div class=\"elementor-element elementor-element-d3141e9 e-con-full e-flex e-con e-parent\" data-id=\"d3141e9\" data-element_type=\"container\" data-e-type=\"container\" data-settings=\"{&quot;background_background&quot;:&quot;classic&quot;}\">\n\t\t\t\t<div class=\"elementor-element elementor-element-98098f0 elementor-widget-divider--view-line elementor-widget elementor-widget-divider\" data-id=\"98098f0\" data-element_type=\"widget\" data-e-type=\"widget\" data-widget_type=\"divider.default\">\n\t\t\t\t\t\t\t<div class=\"elementor-divider\">\n\t\t\t<span class=\"elementor-divider-separator\">\n\t\t\t\t\t\t<\/span>\n\t\t<\/div>\n\t\t\t\t\t\t<\/div>\n\t\t\t\t<\/div>\n\t\t<div class=\"elementor-element elementor-element-a001d6c e-flex e-con-boxed e-con e-parent\" data-id=\"a001d6c\" data-element_type=\"container\" data-e-type=\"container\">\n\t\t\t\t\t<div class=\"e-con-inner\">\n\t\t<div class=\"elementor-element elementor-element-496752d e-con-full e-flex e-con e-child\" data-id=\"496752d\" data-element_type=\"container\" data-e-type=\"container\">\n\t\t\t\t<div class=\"elementor-element elementor-element-a5e0038 elementor-widget elementor-widget-heading\" data-id=\"a5e0038\" data-element_type=\"widget\" data-e-type=\"widget\" data-widget_type=\"heading.default\">\n\t\t\t\t\t<h1 class=\"elementor-heading-title elementor-size-default\">Australie<\/h1>\t\t\t\t<\/div>\n\t\t\t\t<div class=\"elementor-element elementor-element-fd41703 elementor-widget elementor-widget-text-editor\" data-id=\"fd41703\" data-element_type=\"widget\" data-e-type=\"widget\" data-widget_type=\"text-editor.default\">\n\t\t\t\t\t\t\t\t\t<div><p>Notre liste de revendeurs en Australie<\/p><\/div>\t\t\t\t\t\t\t\t<\/div>\n\t\t<div class=\"elementor-element elementor-element-0d1d894 e-con-full e-flex e-con e-child\" data-id=\"0d1d894\" data-element_type=\"container\" data-e-type=\"container\">\n\t\t\t\t<div class=\"elementor-element elementor-element-0d6eecf elementor-widget elementor-widget-button\" data-id=\"0d6eecf\" data-element_type=\"widget\" data-e-type=\"widget\" data-widget_type=\"button.default\">\n\t\t\t\t\t\t\t\t\t\t<a class=\"elementor-button elementor-button-link elementor-size-sm\" href=\"https:\/\/www.separ.de\/fr\/recherche-de-revendeur\/\">\n\t\t\t\t\t\t<span class=\"elementor-button-content-wrapper\">\n\t\t\t\t\t\t\t\t\t<span class=\"elementor-button-text\">Retour<\/span>\n\t\t\t\t\t<\/span>\n\t\t\t\t\t<\/a>\n\t\t\t\t\t\t\t\t<\/div>\n\t\t\t\t<div class=\"elementor-element elementor-element-e7adb24 elementor-widget elementor-widget-button\" data-id=\"e7adb24\" data-element_type=\"widget\" data-e-type=\"widget\" data-widget_type=\"button.default\">\n\t\t\t\t\t\t\t\t\t\t<a class=\"elementor-button elementor-button-link elementor-size-sm\" href=\"#uebersicht\">\n\t\t\t\t\t\t<span class=\"elementor-button-content-wrapper\">\n\t\t\t\t\t\t\t\t\t<span class=\"elementor-button-text\">Tous les revendeurs en Australie<\/span>\n\t\t\t\t\t<\/span>\n\t\t\t\t\t<\/a>\n\t\t\t\t\t\t\t\t<\/div>\n\t\t\t\t<\/div>\n\t\t\t\t<\/div>\n\t\t<div class=\"elementor-element elementor-element-6588291 e-con-full e-flex e-con e-child\" data-id=\"6588291\" data-element_type=\"container\" data-e-type=\"container\">\n\t\t\t\t<div class=\"elementor-element elementor-element-f75851b map elementor-widget elementor-widget-hotspot\" data-id=\"f75851b\" data-element_type=\"widget\" data-e-type=\"widget\" data-settings=\"{&quot;hotspot&quot;:[{&quot;_id&quot;:&quot;c3d9310&quot;,&quot;hotspot_icon&quot;:{&quot;value&quot;:&quot;fas fa-map-pin&quot;,&quot;library&quot;:&quot;fa-solid&quot;},&quot;hotspot_tooltip_content&quot;:&quot;&lt;p&gt;&lt;b&gt;AUSTRALIE&lt;br \\\/&gt;&lt;\\\/b&gt;&lt;\\\/p&gt;\\n&lt;p&gt;CHES POWER GROUP (CPG)&lt;br \\\/&gt;236 BARRINGTON STREET&lt;br \\\/&gt;BIBRA LAKE, WESTERN AUSTRALIA 6163&lt;br \\\/&gt;&lt;strong&gt;T\\u00c9L.:&lt;\\\/strong&gt; 0061 861443111&lt;br \\\/&gt;&lt;strong&gt;E-MAIL:&lt;\\\/strong&gt; &lt;a href=\\&quot;mailto:admin@chespower.com.au\\&quot;&gt;admin@chespower.com.au&lt;\\\/a&gt;&lt;br \\\/&gt;&lt;strong&gt;WEB:&lt;\\\/strong&gt; &lt;a href=\\&quot;http:\\\/\\\/www.chespower.com.au\\&quot;&gt;www.chespower.com.au&lt;\\\/a&gt;&lt;\\\/p&gt;\\n&lt;p&gt;-&lt;\\\/p&gt;\\n&lt;p&gt;SYSTEMS ADVANTAGE PTY LTD&lt;br \\\/&gt;25 ARLINGTON WAY&lt;br \\\/&gt;KENSINGTON GROVE&lt;br \\\/&gt;QUEENSLAND 4341&lt;br \\\/&gt;&lt;strong&gt;T\\u00c9L.:&lt;\\\/strong&gt; 0061 7 3390 2800&lt;br \\\/&gt;&lt;strong&gt;E-MAIL:&lt;\\\/strong&gt; &lt;a href=\\&quot;mailto:systemsadvantage@gmail.com\\&quot;&gt;systemsadvantage@gmail.com&lt;\\\/a&gt;&lt;br \\\/&gt;&lt;strong&gt;WEB:&lt;\\\/strong&gt; &lt;a href=\\&quot;http:\\\/\\\/www.systemsadvantage.com.au\\&quot;&gt;www.systemsadvantage.com.au&lt;\\\/a&gt;&lt;\\\/p&gt;\\n&quot;,&quot;hotspot_offset_y&quot;:{&quot;unit&quot;:&quot;%&quot;,&quot;size&quot;:38,&quot;sizes&quot;:[]},&quot;hotspot_offset_x&quot;:{&quot;unit&quot;:&quot;%&quot;,&quot;size&quot;:41,&quot;sizes&quot;:[]},&quot;__dynamic__&quot;:null,&quot;hotspot_label&quot;:&quot;&quot;,&quot;hotspot_link&quot;:{&quot;url&quot;:&quot;&quot;,&quot;is_external&quot;:&quot;&quot;,&quot;nofollow&quot;:&quot;&quot;,&quot;custom_attributes&quot;:&quot;&quot;},&quot;hotspot_custom_size&quot;:&quot;no&quot;,&quot;hotspot_horizontal&quot;:&quot;left&quot;,&quot;hotspot_vertical&quot;:&quot;top&quot;,&quot;hotspot_tooltip_position&quot;:&quot;no&quot;,&quot;hotspot_position&quot;:null,&quot;hotspot_position_tablet&quot;:null,&quot;hotspot_position_mobile&quot;:null,&quot;hotspot_icon_position&quot;:null,&quot;hotspot_icon_spacing&quot;:null,&quot;hotspot_width&quot;:null,&quot;hotspot_height&quot;:null,&quot;hotspot_offset_x_tablet&quot;:{&quot;unit&quot;:&quot;px&quot;,&quot;size&quot;:&quot;&quot;,&quot;sizes&quot;:[]},&quot;hotspot_offset_x_mobile&quot;:{&quot;unit&quot;:&quot;px&quot;,&quot;size&quot;:&quot;&quot;,&quot;sizes&quot;:[]},&quot;hotspot_offset_y_tablet&quot;:{&quot;unit&quot;:&quot;px&quot;,&quot;size&quot;:&quot;&quot;,&quot;sizes&quot;:[]},&quot;hotspot_offset_y_mobile&quot;:{&quot;unit&quot;:&quot;px&quot;,&quot;size&quot;:&quot;&quot;,&quot;sizes&quot;:[]},&quot;hotspot_tooltip_width&quot;:null,&quot;hotspot_tooltip_width_tablet&quot;:null,&quot;hotspot_tooltip_width_mobile&quot;:null,&quot;hotspot_tooltip_text_wrap&quot;:null},{&quot;hotspot_icon&quot;:{&quot;value&quot;:&quot;fas fa-map-pin&quot;,&quot;library&quot;:&quot;fa-solid&quot;},&quot;hotspot_tooltip_content&quot;:&quot;&lt;p&gt;&lt;b&gt;NOUVELLE-Z\\u00c9LANDE&lt;br \\\/&gt;&lt;\\\/b&gt;&lt;br \\\/&gt;SEPAR FILTERS (NZ) LTD.&lt;br \\\/&gt;4 MATAROA PLACE&lt;br \\\/&gt;NZ-CHRISTCHURCH 8083&lt;br \\\/&gt;BP 12-144&lt;br \\\/&gt;&lt;strong&gt;T\\u00c9L. :&lt;\\\/strong&gt; 0064 272659111&lt;br \\\/&gt;&lt;strong&gt;E-MAIL :&lt;\\\/strong&gt; &lt;a href=\\&quot;mailto:sales@separ.co.nz\\&quot;&gt;sales@separ.co.nz&lt;\\\/a&gt; &lt;br \\\/&gt;&lt;strong&gt;WEB :&lt;\\\/strong&gt; &lt;a href=\\&quot;https:\\\/\\\/www.separ.co.nz\\&quot;&gt;WWW.SEPAR.CO.NZ&lt;\\\/a&gt;&lt;\\\/p&gt;\\n&quot;,&quot;hotspot_offset_x&quot;:{&quot;unit&quot;:&quot;%&quot;,&quot;size&quot;:72,&quot;sizes&quot;:[]},&quot;hotspot_offset_y&quot;:{&quot;unit&quot;:&quot;%&quot;,&quot;size&quot;:77,&quot;sizes&quot;:[]},&quot;_id&quot;:&quot;c1b4f49&quot;,&quot;__dynamic__&quot;:null,&quot;hotspot_label&quot;:&quot;&quot;,&quot;hotspot_link&quot;:{&quot;url&quot;:&quot;&quot;,&quot;is_external&quot;:&quot;&quot;,&quot;nofollow&quot;:&quot;&quot;,&quot;custom_attributes&quot;:&quot;&quot;},&quot;hotspot_custom_size&quot;:&quot;no&quot;,&quot;hotspot_horizontal&quot;:&quot;left&quot;,&quot;hotspot_vertical&quot;:&quot;top&quot;,&quot;hotspot_tooltip_position&quot;:&quot;no&quot;,&quot;hotspot_position&quot;:null,&quot;hotspot_position_tablet&quot;:null,&quot;hotspot_position_mobile&quot;:null,&quot;hotspot_icon_position&quot;:null,&quot;hotspot_icon_spacing&quot;:null,&quot;hotspot_width&quot;:null,&quot;hotspot_height&quot;:null,&quot;hotspot_offset_x_tablet&quot;:{&quot;unit&quot;:&quot;px&quot;,&quot;size&quot;:&quot;&quot;,&quot;sizes&quot;:[]},&quot;hotspot_offset_x_mobile&quot;:{&quot;unit&quot;:&quot;px&quot;,&quot;size&quot;:&quot;&quot;,&quot;sizes&quot;:[]},&quot;hotspot_offset_y_tablet&quot;:{&quot;unit&quot;:&quot;px&quot;,&quot;size&quot;:&quot;&quot;,&quot;sizes&quot;:[]},&quot;hotspot_offset_y_mobile&quot;:{&quot;unit&quot;:&quot;px&quot;,&quot;size&quot;:&quot;&quot;,&quot;sizes&quot;:[]},&quot;hotspot_tooltip_width&quot;:null,&quot;hotspot_tooltip_width_tablet&quot;:null,&quot;hotspot_tooltip_width_mobile&quot;:null,&quot;hotspot_tooltip_text_wrap&quot;:null}],&quot;tooltip_position&quot;:&quot;top&quot;,&quot;tooltip_trigger&quot;:&quot;click&quot;,&quot;tooltip_animation&quot;:&quot;e-hotspot--fade-in-out&quot;}\" data-widget_type=\"hotspot.default\">\n\t\t\t\t<div class=\"elementor-widget-container\">\n\t\t\t\t\t<img fetchpriority=\"high\" decoding=\"async\" width=\"800\" height=\"800\" src=\"https:\/\/www.separ.de\/wp-content\/uploads\/2025\/11\/Australien-und-Ozeanien.png\" class=\"attachment-large size-large wp-image-2604\" alt=\"\" srcset=\"https:\/\/www.separ.de\/wp-content\/uploads\/2025\/11\/Australien-und-Ozeanien.png 1000w, https:\/\/www.separ.de\/wp-content\/uploads\/2025\/11\/Australien-und-Ozeanien-300x300.png 300w, https:\/\/www.separ.de\/wp-content\/uploads\/2025\/11\/Australien-und-Ozeanien-150x150.png 150w, https:\/\/www.separ.de\/wp-content\/uploads\/2025\/11\/Australien-und-Ozeanien-768x768.png 768w\" sizes=\"(max-width: 800px) 100vw, 800px\" \/>\n\t\t\t\t\t\t<div class=\"e-hotspot elementor-repeater-item-c3d9310  e-hotspot--position-left e-hotspot--position-top   e-hotspot--icon\">\n\n\t\t\t\t\t\t\t\t<div class=\"e-hotspot__button e-hotspot--expand\">\n\t\t\t\t\t\t\t\t\t\t\t\t\t\t\t\t\t\t<div class=\"e-hotspot__icon\"><svg class=\"e-font-icon-svg e-fas-map-pin\" viewBox=\"0 0 288 512\" xmlns=\"http:\/\/www.w3.org\/2000\/svg\"><path d=\"M112 316.94v156.69l22.02 33.02c4.75 7.12 15.22 7.12 19.97 0L176 473.63V316.94c-10.39 1.92-21.06 3.06-32 3.06s-21.61-1.14-32-3.06zM144 0C64.47 0 0 64.47 0 144s64.47 144 144 144 144-64.47 144-144S223.53 0 144 0zm0 76c-37.5 0-68 30.5-68 68 0 6.62-5.38 12-12 12s-12-5.38-12-12c0-50.73 41.28-92 92-92 6.62 0 12 5.38 12 12s-5.38 12-12 12z\"><\/path><\/svg><\/div>\n\t\t\t\t\t\t\t\t\t\t\t\t\t\t\t\t\t\t\t\t\t<\/div>\n\n\t\t\t\t\t\t\t\t\t\t\t\t\t\t\t\t\t\t<div class=\"e-hotspot__tooltip  e-hotspot--tooltip-position e-hotspot--fade-in-out \" >\n\t\t\t\t\t\t<p><b>AUSTRALIE<br \/><\/b><\/p>\n<p>CHES POWER GROUP (CPG)<br \/>236 BARRINGTON STREET<br \/>BIBRA LAKE, WESTERN AUSTRALIA 6163<br \/><strong>T\u00c9L.:<\/strong> 0061 861443111<br \/><strong>E-MAIL:<\/strong> <a href=\"mailto:admin@chespower.com.au\">admin@chespower.com.au<\/a><br \/><strong>WEB:<\/strong> <a href=\"http:\/\/www.chespower.com.au\">www.chespower.com.au<\/a><\/p>\n<p>-<\/p>\n<p>SYSTEMS ADVANTAGE PTY LTD<br \/>25 ARLINGTON WAY<br \/>KENSINGTON GROVE<br \/>QUEENSLAND 4341<br \/><strong>T\u00c9L.:<\/strong> 0061 7 3390 2800<br \/><strong>E-MAIL:<\/strong> <a href=\"mailto:systemsadvantage@gmail.com\">systemsadvantage@gmail.com<\/a><br \/><strong>WEB:<\/strong> <a href=\"http:\/\/www.systemsadvantage.com.au\">www.systemsadvantage.com.au<\/a><\/p>\n\t\t\t\t\t<\/div>\n\t\t\t\t\t\t\t\t\t\n\t\t\t<\/div>\n\n\t\n\t\t\t\t\t\t<div class=\"e-hotspot elementor-repeater-item-c1b4f49  e-hotspot--position-left e-hotspot--position-top   e-hotspot--icon\">\n\n\t\t\t\t\t\t\t\t<div class=\"e-hotspot__button e-hotspot--expand\">\n\t\t\t\t\t\t\t\t\t\t\t\t\t\t\t\t\t\t<div class=\"e-hotspot__icon\"><svg class=\"e-font-icon-svg e-fas-map-pin\" viewBox=\"0 0 288 512\" xmlns=\"http:\/\/www.w3.org\/2000\/svg\"><path d=\"M112 316.94v156.69l22.02 33.02c4.75 7.12 15.22 7.12 19.97 0L176 473.63V316.94c-10.39 1.92-21.06 3.06-32 3.06s-21.61-1.14-32-3.06zM144 0C64.47 0 0 64.47 0 144s64.47 144 144 144 144-64.47 144-144S223.53 0 144 0zm0 76c-37.5 0-68 30.5-68 68 0 6.62-5.38 12-12 12s-12-5.38-12-12c0-50.73 41.28-92 92-92 6.62 0 12 5.38 12 12s-5.38 12-12 12z\"><\/path><\/svg><\/div>\n\t\t\t\t\t\t\t\t\t\t\t\t\t\t\t\t\t\t\t\t\t<\/div>\n\n\t\t\t\t\t\t\t\t\t\t\t\t\t\t\t\t\t\t<div class=\"e-hotspot__tooltip  e-hotspot--tooltip-position e-hotspot--fade-in-out \" >\n\t\t\t\t\t\t<p><b>NOUVELLE-Z\u00c9LANDE<br \/><\/b><br \/>SEPAR FILTERS (NZ) LTD.<br \/>4 MATAROA PLACE<br \/>NZ-CHRISTCHURCH 8083<br \/>BP 12-144<br \/><strong>T\u00c9L. :<\/strong> 0064 272659111<br \/><strong>E-MAIL :<\/strong> <a href=\"mailto:sales@separ.co.nz\">sales@separ.co.nz<\/a> <br \/><strong>WEB :<\/strong> <a href=\"https:\/\/www.separ.co.nz\">WWW.SEPAR.CO.NZ<\/a><\/p>\n\t\t\t\t\t<\/div>\n\t\t\t\t\t\t\t\t\t\n\t\t\t<\/div>\n\n\t\n\t\t\t\t\t\t<\/div>\n\t\t\t\t<\/div>\n\t\t\t\t<\/div>\n\t\t\t\t\t<\/div>\n\t\t\t\t<\/div>\n\t\t<div class=\"elementor-element elementor-element-8cf8655 e-flex e-con-boxed e-con e-parent\" data-id=\"8cf8655\" data-element_type=\"container\" data-e-type=\"container\">\n\t\t\t\t\t<div class=\"e-con-inner\">\n\t\t\t\t<div class=\"elementor-element elementor-element-3dbf3f0 elementor-widget elementor-widget-menu-anchor\" data-id=\"3dbf3f0\" data-element_type=\"widget\" data-e-type=\"widget\" data-widget_type=\"menu-anchor.default\">\n\t\t\t\t\t\t\t<div class=\"elementor-menu-anchor\" id=\"aperu\"><\/div>\n\t\t\t\t\t\t<\/div>\n\t\t\t\t<div class=\"elementor-element elementor-element-2b079f3 elementor-widget elementor-widget-heading\" data-id=\"2b079f3\" data-element_type=\"widget\" data-e-type=\"widget\" data-widget_type=\"heading.default\">\n\t\t\t\t\t<h2 class=\"elementor-heading-title elementor-size-default\">Tous les concessionnaires en Australie<\/h2>\t\t\t\t<\/div>\n\t\t\t\t\t<\/div>\n\t\t\t\t<\/div>\n\t\t<div class=\"elementor-element elementor-element-c3f6e10 e-grid map e-con-boxed e-con e-parent\" data-id=\"c3f6e10\" data-element_type=\"container\" data-e-type=\"container\">\n\t\t\t\t\t<div class=\"e-con-inner\">\n\t\t<div class=\"elementor-element elementor-element-5357c7c e-con-full land-overflow e-flex e-con e-child\" data-id=\"5357c7c\" data-element_type=\"container\" data-e-type=\"container\">\n\t\t\t\t<div class=\"elementor-element elementor-element-bde36c5 elementor-widget elementor-widget-heading\" data-id=\"bde36c5\" data-element_type=\"widget\" data-e-type=\"widget\" data-widget_type=\"heading.default\">\n\t\t\t\t\t<h3 class=\"elementor-heading-title elementor-size-default\">Australie<\/h3>\t\t\t\t<\/div>\n\t\t\t\t<div class=\"elementor-element elementor-element-7583753 elementor-widget elementor-widget-text-editor\" data-id=\"7583753\" data-element_type=\"widget\" data-e-type=\"widget\" data-widget_type=\"text-editor.default\">\n\t\t\t\t\t\t\t\t\t<p>CHES POWER GROUP (CPG)<br>236 BARRINGTON STREET<br>BIBRA LAKE, WESTERN AUSTRALIA 6163<br><strong>T\u00c9L.:<\/strong> 0061 861443111<br><strong>E-MAIL:<\/strong> <a href=\"mailto:admin@chespower.com.au\">admin@chespower.com.au<\/a><br><strong>WEB:<\/strong> <a href=\"http:\/\/www.chespower.com.au\">www.chespower.com.au<\/a><\/p><p>\u2013<\/p><p>SYSTEMS ADVANTAGE PTY LTD<br>25 ARLINGTON WAY<br>KENSINGTON GROVE<br>QUEENSLAND 4341<br><strong>T\u00c9L.:<\/strong> 0061 7 3390 2800<br><strong>E-MAIL:<\/strong> <a href=\"mailto:systemsadvantage@gmail.com\">systemsadvantage@gmail.com<\/a><br><strong>WEB:<\/strong> <a href=\"http:\/\/www.systemsadvantage.com.au\">www.systemsadvantage.com.au<\/a><\/p>\t\t\t\t\t\t\t\t<\/div>\n\t\t\t\t<\/div>\n\t\t<div class=\"elementor-element elementor-element-f4c9ce7 e-con-full e-flex e-con e-child\" data-id=\"f4c9ce7\" data-element_type=\"container\" data-e-type=\"container\">\n\t\t\t\t<div class=\"elementor-element elementor-element-778e1c3 elementor-widget elementor-widget-heading\" data-id=\"778e1c3\" data-element_type=\"widget\" data-e-type=\"widget\" data-widget_type=\"heading.default\">\n\t\t\t\t\t<h3 class=\"elementor-heading-title elementor-size-default\">Nouvelle-Z\u00e9lande<\/h3>\t\t\t\t<\/div>\n\t\t\t\t<div class=\"elementor-element elementor-element-2f8b2d5 elementor-widget elementor-widget-text-editor\" data-id=\"2f8b2d5\" data-element_type=\"widget\" data-e-type=\"widget\" data-widget_type=\"text-editor.default\">\n\t\t\t\t\t\t\t\t\t<p>SEPAR FILTERS (NZ) LTD.<br>4 MATAROA PLACE<\/p><p>NZ-CHRISTCHURCH 8083<br>PO BOX 12-144<br><strong>TEL.:<\/strong> 0064 272659111<br><strong>E-MAIL:<\/strong> <a href=\"mailto:sales@separ.co.nz\">sales@separ.co.nz<\/a> <br><strong>WEB:<\/strong> <a href=\"http:\/\/WWW.SEPAR.CO.NZ\">WWW.SEPAR.CO.NZ<\/a><\/p>\t\t\t\t\t\t\t\t<\/div>\n\t\t\t\t<\/div>\n\t\t\t\t\t<\/div>\n\t\t\t\t<\/div>\n\t\t\t\t<\/div>\n\t\t","protected":false},"excerpt":{"rendered":"<p>Australie Notre liste de revendeurs en Australie Retour Tous les revendeurs en Australie AUSTRALIE CHES POWER GROUP (CPG)236 BARRINGTON STREETBIBRA LAKE, WESTERN AUSTRALIA 6163T\u00c9L.: 0061 861443111E-MAIL: admin@chespower.com.auWEB: www.chespower.com.au \u2013 SYSTEMS ADVANTAGE PTY LTD25 ARLINGTON WAYKENSINGTON GROVEQUEENSLAND 4341T\u00c9L.: 0061 7 3390 2800E-MAIL: systemsadvantage@gmail.comWEB: www.systemsadvantage.com.au NOUVELLE-Z\u00c9LANDESEPAR FILTERS (NZ) LTD.4 MATAROA PLACENZ-CHRISTCHURCH 8083BP 12-144T\u00c9L. : 0064 272659111E-MAIL : [&hellip;]<\/p>\n","protected":false},"author":1,"featured_media":0,"parent":0,"menu_order":0,"comment_status":"closed","ping_status":"closed","template":"","meta":{"footnotes":""},"class_list":["post-2603","page","type-page","status-publish","hentry"],"yoast_head":"<!-- This site is optimized with the Yoast SEO plugin v27.3 - https:\/\/yoast.com\/product\/yoast-seo-wordpress\/ -->\n<title>Australie - Separ Filter<\/title>\n<meta name=\"robots\" content=\"index, follow, max-snippet:-1, max-image-preview:large, max-video-preview:-1\" \/>\n<link rel=\"canonical\" href=\"https:\/\/www.separ.de\/fr\/australie\/\" \/>\n<meta property=\"og:locale\" content=\"fr_FR\" \/>\n<meta property=\"og:type\" content=\"article\" \/>\n<meta property=\"og:title\" content=\"Australie - Separ Filter\" \/>\n<meta property=\"og:description\" content=\"Australie Notre liste de revendeurs en Australie Retour Tous les revendeurs en Australie AUSTRALIE CHES POWER GROUP (CPG)236 BARRINGTON STREETBIBRA LAKE, WESTERN AUSTRALIA 6163T\u00c9L.: 0061 861443111E-MAIL: admin@chespower.com.auWEB: www.chespower.com.au \u2013 SYSTEMS ADVANTAGE PTY LTD25 ARLINGTON WAYKENSINGTON GROVEQUEENSLAND 4341T\u00c9L.: 0061 7 3390 2800E-MAIL: systemsadvantage@gmail.comWEB: www.systemsadvantage.com.au NOUVELLE-Z\u00c9LANDESEPAR FILTERS (NZ) LTD.4 MATAROA PLACENZ-CHRISTCHURCH 8083BP 12-144T\u00c9L. : 0064 272659111E-MAIL : [&hellip;]\" \/>\n<meta property=\"og:url\" content=\"https:\/\/www.separ.de\/fr\/australie\/\" \/>\n<meta property=\"og:site_name\" content=\"Separ Filter\" \/>\n<meta property=\"article:modified_time\" content=\"2026-03-18T10:07:59+00:00\" \/>\n<meta property=\"og:image\" content=\"https:\/\/www.separ.de\/wp-content\/uploads\/2025\/11\/Australien-und-Ozeanien.png\" \/>\n\t<meta property=\"og:image:width\" content=\"1000\" \/>\n\t<meta property=\"og:image:height\" content=\"1000\" \/>\n\t<meta property=\"og:image:type\" content=\"image\/png\" \/>\n<meta name=\"twitter:card\" content=\"summary_large_image\" \/>\n<meta name=\"twitter:label1\" content=\"Dur\u00e9e de lecture estim\u00e9e\" \/>\n\t<meta name=\"twitter:data1\" content=\"1 minute\" \/>\n<script type=\"application\/ld+json\" class=\"yoast-schema-graph\">{\"@context\":\"https:\\\/\\\/schema.org\",\"@graph\":[{\"@type\":\"WebPage\",\"@id\":\"https:\\\/\\\/www.separ.de\\\/fr\\\/australie\\\/\",\"url\":\"https:\\\/\\\/www.separ.de\\\/fr\\\/australie\\\/\",\"name\":\"Australie - Separ Filter\",\"isPartOf\":{\"@id\":\"https:\\\/\\\/www.separ.de\\\/en\\\/#website\"},\"primaryImageOfPage\":{\"@id\":\"https:\\\/\\\/www.separ.de\\\/fr\\\/australie\\\/#primaryimage\"},\"image\":{\"@id\":\"https:\\\/\\\/www.separ.de\\\/fr\\\/australie\\\/#primaryimage\"},\"thumbnailUrl\":\"https:\\\/\\\/www.separ.de\\\/wp-content\\\/uploads\\\/2025\\\/11\\\/Australien-und-Ozeanien.png\",\"datePublished\":\"2025-11-14T14:31:28+00:00\",\"dateModified\":\"2026-03-18T10:07:59+00:00\",\"breadcrumb\":{\"@id\":\"https:\\\/\\\/www.separ.de\\\/fr\\\/australie\\\/#breadcrumb\"},\"inLanguage\":\"fr-FR\",\"potentialAction\":[{\"@type\":\"ReadAction\",\"target\":[\"https:\\\/\\\/www.separ.de\\\/fr\\\/australie\\\/\"]}]},{\"@type\":\"ImageObject\",\"inLanguage\":\"fr-FR\",\"@id\":\"https:\\\/\\\/www.separ.de\\\/fr\\\/australie\\\/#primaryimage\",\"url\":\"https:\\\/\\\/www.separ.de\\\/wp-content\\\/uploads\\\/2025\\\/11\\\/Australien-und-Ozeanien.png\",\"contentUrl\":\"https:\\\/\\\/www.separ.de\\\/wp-content\\\/uploads\\\/2025\\\/11\\\/Australien-und-Ozeanien.png\"},{\"@type\":\"BreadcrumbList\",\"@id\":\"https:\\\/\\\/www.separ.de\\\/fr\\\/australie\\\/#breadcrumb\",\"itemListElement\":[{\"@type\":\"ListItem\",\"position\":1,\"name\":\"Start\",\"item\":\"https:\\\/\\\/www.separ.de\\\/fr\\\/page-daccueil\\\/\"},{\"@type\":\"ListItem\",\"position\":2,\"name\":\"Australie\"}]},{\"@type\":\"WebSite\",\"@id\":\"https:\\\/\\\/www.separ.de\\\/en\\\/#website\",\"url\":\"https:\\\/\\\/www.separ.de\\\/en\\\/\",\"name\":\"Separ Filter\",\"description\":\"\",\"publisher\":{\"@id\":\"https:\\\/\\\/www.separ.de\\\/en\\\/#organization\"},\"potentialAction\":[{\"@type\":\"SearchAction\",\"target\":{\"@type\":\"EntryPoint\",\"urlTemplate\":\"https:\\\/\\\/www.separ.de\\\/en\\\/?s={search_term_string}\"},\"query-input\":{\"@type\":\"PropertyValueSpecification\",\"valueRequired\":true,\"valueName\":\"search_term_string\"}}],\"inLanguage\":\"fr-FR\"},{\"@type\":\"Organization\",\"@id\":\"https:\\\/\\\/www.separ.de\\\/en\\\/#organization\",\"name\":\"Separ Filter\",\"url\":\"https:\\\/\\\/www.separ.de\\\/en\\\/\",\"logo\":{\"@type\":\"ImageObject\",\"inLanguage\":\"fr-FR\",\"@id\":\"https:\\\/\\\/www.separ.de\\\/en\\\/#\\\/schema\\\/logo\\\/image\\\/\",\"url\":\"https:\\\/\\\/www.separ.de\\\/wp-content\\\/uploads\\\/2025\\\/10\\\/logo_separ.svg\",\"contentUrl\":\"https:\\\/\\\/www.separ.de\\\/wp-content\\\/uploads\\\/2025\\\/10\\\/logo_separ.svg\",\"width\":242,\"height\":114,\"caption\":\"Separ Filter\"},\"image\":{\"@id\":\"https:\\\/\\\/www.separ.de\\\/en\\\/#\\\/schema\\\/logo\\\/image\\\/\"}}]}<\/script>\n<!-- \/ Yoast SEO plugin. -->","yoast_head_json":{"title":"Australie - Separ Filter","robots":{"index":"index","follow":"follow","max-snippet":"max-snippet:-1","max-image-preview":"max-image-preview:large","max-video-preview":"max-video-preview:-1"},"canonical":"https:\/\/www.separ.de\/fr\/australie\/","og_locale":"fr_FR","og_type":"article","og_title":"Australie - Separ Filter","og_description":"Australie Notre liste de revendeurs en Australie Retour Tous les revendeurs en Australie AUSTRALIE CHES POWER GROUP (CPG)236 BARRINGTON STREETBIBRA LAKE, WESTERN AUSTRALIA 6163T\u00c9L.: 0061 861443111E-MAIL: admin@chespower.com.auWEB: www.chespower.com.au \u2013 SYSTEMS ADVANTAGE PTY LTD25 ARLINGTON WAYKENSINGTON GROVEQUEENSLAND 4341T\u00c9L.: 0061 7 3390 2800E-MAIL: systemsadvantage@gmail.comWEB: www.systemsadvantage.com.au NOUVELLE-Z\u00c9LANDESEPAR FILTERS (NZ) LTD.4 MATAROA PLACENZ-CHRISTCHURCH 8083BP 12-144T\u00c9L. : 0064 272659111E-MAIL : [&hellip;]","og_url":"https:\/\/www.separ.de\/fr\/australie\/","og_site_name":"Separ Filter","article_modified_time":"2026-03-18T10:07:59+00:00","og_image":[{"width":1000,"height":1000,"url":"https:\/\/www.separ.de\/wp-content\/uploads\/2025\/11\/Australien-und-Ozeanien.png","type":"image\/png"}],"twitter_card":"summary_large_image","twitter_misc":{"Dur\u00e9e de lecture estim\u00e9e":"1 minute"},"schema":{"@context":"https:\/\/schema.org","@graph":[{"@type":"WebPage","@id":"https:\/\/www.separ.de\/fr\/australie\/","url":"https:\/\/www.separ.de\/fr\/australie\/","name":"Australie - Separ Filter","isPartOf":{"@id":"https:\/\/www.separ.de\/en\/#website"},"primaryImageOfPage":{"@id":"https:\/\/www.separ.de\/fr\/australie\/#primaryimage"},"image":{"@id":"https:\/\/www.separ.de\/fr\/australie\/#primaryimage"},"thumbnailUrl":"https:\/\/www.separ.de\/wp-content\/uploads\/2025\/11\/Australien-und-Ozeanien.png","datePublished":"2025-11-14T14:31:28+00:00","dateModified":"2026-03-18T10:07:59+00:00","breadcrumb":{"@id":"https:\/\/www.separ.de\/fr\/australie\/#breadcrumb"},"inLanguage":"fr-FR","potentialAction":[{"@type":"ReadAction","target":["https:\/\/www.separ.de\/fr\/australie\/"]}]},{"@type":"ImageObject","inLanguage":"fr-FR","@id":"https:\/\/www.separ.de\/fr\/australie\/#primaryimage","url":"https:\/\/www.separ.de\/wp-content\/uploads\/2025\/11\/Australien-und-Ozeanien.png","contentUrl":"https:\/\/www.separ.de\/wp-content\/uploads\/2025\/11\/Australien-und-Ozeanien.png"},{"@type":"BreadcrumbList","@id":"https:\/\/www.separ.de\/fr\/australie\/#breadcrumb","itemListElement":[{"@type":"ListItem","position":1,"name":"Start","item":"https:\/\/www.separ.de\/fr\/page-daccueil\/"},{"@type":"ListItem","position":2,"name":"Australie"}]},{"@type":"WebSite","@id":"https:\/\/www.separ.de\/en\/#website","url":"https:\/\/www.separ.de\/en\/","name":"Separ Filter","description":"","publisher":{"@id":"https:\/\/www.separ.de\/en\/#organization"},"potentialAction":[{"@type":"SearchAction","target":{"@type":"EntryPoint","urlTemplate":"https:\/\/www.separ.de\/en\/?s={search_term_string}"},"query-input":{"@type":"PropertyValueSpecification","valueRequired":true,"valueName":"search_term_string"}}],"inLanguage":"fr-FR"},{"@type":"Organization","@id":"https:\/\/www.separ.de\/en\/#organization","name":"Separ Filter","url":"https:\/\/www.separ.de\/en\/","logo":{"@type":"ImageObject","inLanguage":"fr-FR","@id":"https:\/\/www.separ.de\/en\/#\/schema\/logo\/image\/","url":"https:\/\/www.separ.de\/wp-content\/uploads\/2025\/10\/logo_separ.svg","contentUrl":"https:\/\/www.separ.de\/wp-content\/uploads\/2025\/10\/logo_separ.svg","width":242,"height":114,"caption":"Separ Filter"},"image":{"@id":"https:\/\/www.separ.de\/en\/#\/schema\/logo\/image\/"}}]}},"_links":{"self":[{"href":"https:\/\/www.separ.de\/fr\/wp-json\/wp\/v2\/pages\/2603","targetHints":{"allow":["GET"]}}],"collection":[{"href":"https:\/\/www.separ.de\/fr\/wp-json\/wp\/v2\/pages"}],"about":[{"href":"https:\/\/www.separ.de\/fr\/wp-json\/wp\/v2\/types\/page"}],"author":[{"embeddable":true,"href":"https:\/\/www.separ.de\/fr\/wp-json\/wp\/v2\/users\/1"}],"replies":[{"embeddable":true,"href":"https:\/\/www.separ.de\/fr\/wp-json\/wp\/v2\/comments?post=2603"}],"version-history":[{"count":0,"href":"https:\/\/www.separ.de\/fr\/wp-json\/wp\/v2\/pages\/2603\/revisions"}],"wp:attachment":[{"href":"https:\/\/www.separ.de\/fr\/wp-json\/wp\/v2\/media?parent=2603"}],"curies":[{"name":"wp","href":"https:\/\/api.w.org\/{rel}","templated":true}]}}